{"id":7047,"date":"2021-10-21T09:37:20","date_gmt":"2021-10-21T16:37:20","guid":{"rendered":"https:\/\/www-bromic-fr.bromicpimstg.sites.hosting.454.agency\/ressources-techniques\/"},"modified":"2025-10-16T09:02:08","modified_gmt":"2025-10-16T16:02:08","slug":"ressources-techniques","status":"publish","type":"page","link":"https:\/\/www-bromic-fr.bromicpimstg.sites.hosting.454.agency\/fr\/ressources-techniques\/","title":{"rendered":"Ressources Techniques"},"content":{"rendered":"\n<h2 class=\"wp-block-heading has-black-color has-text-color\">Collection Eclipse<\/h2>\n\n\n\n<div class=\"wp-block-group alignfull row-gap-2 is-content-justification-center is-layout-flex wp-container-core-group-is-layout-c0fdf760 wp-block-group-is-layout-flex\" style=\"padding-top:0;padding-right:0;padding-bottom:0;padding-left:0\">\n<section class=\"blocks block-product-files \" id=\"block_7eeca5112d4f5f3addc963204fdb306b\">\n\n  \n<\/section>\n\n\n\n<section class=\"blocks block-product-files \" id=\"block_68a6515f4a4035766553e4a96527c758\">\n\n  \n<\/section>\n<\/div>\n\n\n\n<div style=\"height:60px\" aria-hidden=\"true\" class=\"wp-block-spacer\"><\/div>\n\n\n\n<h2 class=\"wp-block-heading has-text-align-center\" style=\"padding-bottom:10px\">Collection Platinum <\/h2>\n\n\n\n<div class=\"wp-block-group alignfull row-gap-2 is-content-justification-center is-layout-flex wp-container-core-group-is-layout-6274c98b wp-block-group-is-layout-flex\">\n<section class=\"blocks block-product-files \" id=\"block_603e3f8b997cf2003fb381d6ecc99bf2\">\n\n  \n<\/section>\n\n\n\n<section class=\"blocks block-product-files \" id=\"block_320689b79b5612ba2d316af047592d0a\">\n\n  \n<\/section>\n\n\n\n<section class=\"blocks block-product-files \" id=\"block_69be1fb2e62a15ab55b8821f11378566\">\n\n  \n<\/section>\n\n\n\n<section class=\"blocks block-product-files \" id=\"block_effda10af75ef626d7022a159cb04452\">\n\n  \n<\/section>\n<\/div>\n\n\n\n<div style=\"height:60px\" aria-hidden=\"true\" class=\"wp-block-spacer\"><\/div>\n\n\n\n<h2 class=\"wp-block-heading has-text-align-center\" style=\"padding-bottom:10px\">Collection Tungsten <\/h2>\n\n\n\n<div class=\"wp-block-group alignfull row-gap-2 is-content-justification-center is-layout-flex wp-container-core-group-is-layout-6274c98b wp-block-group-is-layout-flex\">\n<section class=\"blocks block-product-files \" id=\"block_d4544456a1b4a488965807ec8d602824\">\n\n  \n<\/section>\n\n\n\n<section class=\"blocks block-product-files \" id=\"block_f754e78ea774df0491785036091e1695\">\n\n  \n<\/section>\n\n\n\n<section class=\"blocks block-product-files \" id=\"block_1eb86d09cf18e94142d85b7e634d1ab8\">\n\n  \n<\/section>\n<\/div>\n\n\n\n<div style=\"height:60px\" aria-hidden=\"true\" class=\"wp-block-spacer\"><\/div>\n\n\n\n<h2 class=\"wp-block-heading has-text-align-center\" style=\"padding-bottom:10px\">Collection des Appareils de Chauffage Affinity<\/h2>\n\n\n\n<div class=\"wp-block-group alignfull row-gap-2 is-content-justification-center is-layout-flex wp-container-core-group-is-layout-6274c98b wp-block-group-is-layout-flex\">\n<section class=\"blocks block-product-files \" id=\"block_81fcd220bafe51995cb8dec68fe9f143\">\n\n  \n<\/section>\n\n\n\n<section class=\"blocks block-product-files \" id=\"block_133fda161bd932a22dd01dd2c55f1271\">\n\n  \n<\/section>\n\n\n\n<section class=\"blocks block-product-files \" id=\"block_7ab2f58ef93bcbdb53aeb2e457b05183\">\n\n  \n<\/section>\n<\/div>\n\n\n\n<div style=\"height:60px\" aria-hidden=\"true\" class=\"wp-block-spacer\"><\/div>\n\n\n\n<div class=\"wp-block-group\"><div class=\"wp-block-group__inner-container is-layout-constrained wp-block-group-is-layout-constrained\">\n<h2 class=\"wp-block-heading has-black-color has-text-color\">T\u00e9l\u00e9commandes Legacy de Bromic<\/h2>\n\n\n<section class=\"blocks block-single-accordion  align \" id=\"block_215cb62b8bef70130576fe0a89a25fd6\" data-size=\"md\">\n    <div class=\"anchor\" id=\"\"><\/div>\n    <div class=\"accordion-button\">\n        <h2>T\u00e9l\u00e9chargements Contr\u00f4leur On\/Off Smart-Heat<i><\/i><\/h2>\n    <\/div>\n    <div class=\"accordion-content\">\n        \n\n<div class=\"wp-block-file\"><a id=\"wp-block-file--media-5881e2fb-3277-4a14-8b64-0b60216fb674\" href=\"https:\/\/www-bromic-fr.bromicpimstg.sites.hosting.454.agency\/wp-content\/uploads\/sites\/11\/2021\/09\/OnOff-instruction-manual_BROMIC_V1.2_au.pdf\">Manuel d&rsquo;instruction<\/a><a href=\"https:\/\/www-bromic-fr.bromicpimstg.sites.hosting.454.agency\/wp-content\/uploads\/sites\/11\/2021\/09\/OnOff-instruction-manual_BROMIC_V1.2_au.pdf\" class=\"wp-block-file__button wp-element-button\" download aria-describedby=\"wp-block-file--media-5881e2fb-3277-4a14-8b64-0b60216fb674\">T\u00e9l\u00e9charger<\/a><\/div>\n\n\n    <\/div>\n            <script>\n        jQuery(function($) {\n            $('body').ready(function() {\n                $( '#block_215cb62b8bef70130576fe0a89a25fd6 .accordion-button' ).click(function() {\n                    $(this).parent().toggleClass('open');\n                });\n            });\n        });\n        <\/script>\n    <\/section>\n\n\n<section class=\"blocks block-single-accordion  align \" id=\"block_c216a3b75da092f9cc9872fa24fd4100\" data-size=\"md\">\n    <div class=\"anchor\" id=\"\"><\/div>\n    <div class=\"accordion-button\">\n        <h2>T\u00e9l\u00e9chargements Variateur Smart-Heat Electric<i><\/i><\/h2>\n    <\/div>\n    <div class=\"accordion-content\">\n        \n\n<div class=\"wp-block-file\"><a id=\"wp-block-file--media-a24af2cf-e997-408d-9318-1bb54d9e93a0\" href=\"https:\/\/www-bromic-fr.bromicpimstg.sites.hosting.454.agency\/wp-content\/uploads\/sites\/11\/2021\/09\/Smart-Heat-Electric-Dimmer-Control-Product-Brief-AU.jpg\">R\u00e9sum\u00e9 du produit<\/a><a href=\"https:\/\/www-bromic-fr.bromicpimstg.sites.hosting.454.agency\/wp-content\/uploads\/sites\/11\/2021\/09\/Smart-Heat-Electric-Dimmer-Control-Product-Brief-AU.jpg\" class=\"wp-block-file__button wp-element-button\" download aria-describedby=\"wp-block-file--media-a24af2cf-e997-408d-9318-1bb54d9e93a0\">T\u00e9l\u00e9charger<\/a><\/div>\n\n\n\n<div class=\"wp-block-file\"><a id=\"wp-block-file--media-1d3b0e42-729b-4d2c-873a-3bc552b1df81\" href=\"https:\/\/www-bromic-fr.bromicpimstg.sites.hosting.454.agency\/wp-content\/uploads\/sites\/11\/2021\/09\/Dimmer_Bromic-instruction-manual_V1.2_au.pdf\">Manuel d&rsquo;instruction<\/a><a href=\"https:\/\/www-bromic-fr.bromicpimstg.sites.hosting.454.agency\/wp-content\/uploads\/sites\/11\/2021\/09\/Dimmer_Bromic-instruction-manual_V1.2_au.pdf\" class=\"wp-block-file__button wp-element-button\" download aria-describedby=\"wp-block-file--media-1d3b0e42-729b-4d2c-873a-3bc552b1df81\">T\u00e9l\u00e9charger<\/a><\/div>\n\n\n    <\/div>\n            <script>\n        jQuery(function($) {\n            $('body').ready(function() {\n                $( '#block_c216a3b75da092f9cc9872fa24fd4100 .accordion-button' ).click(function() {\n                    $(this).parent().toggleClass('open');\n                });\n            });\n        });\n        <\/script>\n    <\/section>\n\n\n<section class=\"blocks block-single-accordion  align \" id=\"block_9bb0e57645a15e8522e282d322428e23\" data-size=\"md\">\n    <div class=\"anchor\" id=\"\"><\/div>\n    <div class=\"accordion-button\">\n        <h2>T\u00e9l\u00e9chargements Eclipse Variateur Smart-Heat Electric<i><\/i><\/h2>\n    <\/div>\n    <div class=\"accordion-content\">\n        \n\n<div class=\"wp-block-file\"><a id=\"wp-block-file--media-1d3b0e42-729b-4d2c-873a-3bc552b1df81\" href=\"https:\/\/bromicpimstg.sites.hosting.454.agency\/wp-content\/uploads\/2024\/04\/Bromic-Eclipse-Remote-Master-Eclipse-Remote-Manual-V1.3-FR.pdf\">Manuel d\u2019instruction<\/a><a href=\"https:\/\/bromicpimstg.sites.hosting.454.agency\/wp-content\/uploads\/2024\/04\/Bromic-Eclipse-Remote-Master-Eclipse-Remote-Manual-V1.3-FR.pdf\" class=\"wp-block-file__button wp-element-button\" download aria-describedby=\"wp-block-file--media-1d3b0e42-729b-4d2c-873a-3bc552b1df81\">T\u00e9l\u00e9charger<\/a><\/div>\n\n\n    <\/div>\n            <script>\n        jQuery(function($) {\n            $('body').ready(function() {\n                $( '#block_9bb0e57645a15e8522e282d322428e23 .accordion-button' ).click(function() {\n                    $(this).parent().toggleClass('open');\n                });\n            });\n        });\n        <\/script>\n    <\/section>\n\n\n<section class=\"blocks block-single-accordion  align \" id=\"block_9796a6d49693d429676ad3e251bfeb58\" data-size=\"md\">\n    <div class=\"anchor\" id=\"\"><\/div>\n    <div class=\"accordion-button\">\n        <h2>T\u00e9l\u00e9chargements domotique Smart-Heat Link<i><\/i><\/h2>\n    <\/div>\n    <div class=\"accordion-content\">\n        \n\n<div class=\"wp-block-file\"><a id=\"wp-block-file--media-23ce8f19-82f7-4228-9034-061944fdd3d1\" href=\"https:\/\/www-bromic-fr.bromicpimstg.sites.hosting.454.agency\/wp-content\/uploads\/sites\/11\/2021\/09\/Home-automation-Flyer_AUS.pdf\">R\u00e9sum\u00e9 du produit<\/a><a href=\"https:\/\/www-bromic-fr.bromicpimstg.sites.hosting.454.agency\/wp-content\/uploads\/sites\/11\/2021\/09\/Home-automation-Flyer_AUS.pdf\" class=\"wp-block-file__button wp-element-button\" download aria-describedby=\"wp-block-file--media-23ce8f19-82f7-4228-9034-061944fdd3d1\">T\u00e9l\u00e9charger<\/a><\/div>\n\n\n\n<div class=\"wp-block-file\"><a id=\"wp-block-file--media-23ce8f19-82f7-4228-9034-061944fdd3d1\" href=\"https:\/\/bromicpimstg.sites.hosting.454.agency\/wp-content\/uploads\/2021\/09\/Bromic-Smart-Heat-Link-Installation-Guide.pdf\">Manuel d&rsquo;instruction<\/a><a href=\"https:\/\/bromicpimstg.sites.hosting.454.agency\/wp-content\/uploads\/2021\/09\/Bromic-Smart-Heat-Link-Installation-Guide.pdf\" class=\"wp-block-file__button wp-element-button\" download aria-describedby=\"wp-block-file--media-23ce8f19-82f7-4228-9034-061944fdd3d1\">T\u00e9l\u00e9charger<\/a><\/div>\n\n\n\n<div class=\"wp-block-file\"><a id=\"wp-block-file--media-0ab67738-8b0a-45fa-8161-5ae13be6a213\" href=\"https:\/\/www-bromic-fr.bromicpimstg.sites.hosting.454.agency\/wp-content\/uploads\/sites\/11\/2021\/09\/Bromic-Smart-Heat-Link-Protocol-Tool_rev4.0-1.xlsx\">Outil de protocole pour la liaison Smart-Heat<\/a><a href=\"https:\/\/www-bromic-fr.bromicpimstg.sites.hosting.454.agency\/wp-content\/uploads\/sites\/11\/2021\/09\/Bromic-Smart-Heat-Link-Protocol-Tool_rev4.0-1.xlsx\" class=\"wp-block-file__button wp-element-button\" download aria-describedby=\"wp-block-file--media-0ab67738-8b0a-45fa-8161-5ae13be6a213\">T\u00e9l\u00e9charger<\/a><\/div>\n\n\n    <\/div>\n            <script>\n        jQuery(function($) {\n            $('body').ready(function() {\n                $( '#block_9796a6d49693d429676ad3e251bfeb58 .accordion-button' ).click(function() {\n                    $(this).parent().toggleClass('open');\n                });\n            });\n        });\n        <\/script>\n    <\/section>\n<\/div><\/div>\n","protected":false},"excerpt":{"rendered":"<p>Collection Eclipse Collection Platinum Collection Tungsten Collection des Appareils de Chauffage Affinity T\u00e9l\u00e9commandes Legacy de Bromic<\/p>\n","protected":false},"author":8,"featured_media":43245,"parent":0,"menu_order":0,"comment_status":"closed","ping_status":"closed","template":"","meta":{"_acf_changed":false,"footnotes":""},"class_list":["post-7047","page","type-page","status-publish","has-post-thumbnail","hentry"],"acf":[],"yoast_head":"<!-- This site is optimized with the Yoast SEO plugin v26.1.1 - https:\/\/yoast.com\/wordpress\/plugins\/seo\/ -->\n<title>Ressources Techniques - Bromic Heating France<\/title>\n<meta name=\"description\" content=\"Collection Eclipse Collection Platinum Collection Tungsten Collection des Appareils de Chauffage Affinity T\u00e9l\u00e9commandes Legacy de Bromic Manuel\" \/>\n<meta name=\"robots\" content=\"index, follow, max-snippet:-1, max-image-preview:large, max-video-preview:-1\" \/>\n<link rel=\"canonical\" href=\"https:\/\/www-bromic-fr.bromicpimstg.sites.hosting.454.agency\/fr\/ressources-techniques\/\" \/>\n<meta property=\"og:locale\" content=\"fr_FR\" \/>\n<meta property=\"og:type\" content=\"article\" \/>\n<meta property=\"og:title\" content=\"Ressources Techniques - Bromic Heating France\" \/>\n<meta property=\"og:description\" content=\"Collection Eclipse Collection Platinum Collection Tungsten Collection des Appareils de Chauffage Affinity T\u00e9l\u00e9commandes Legacy de Bromic Manuel\" \/>\n<meta property=\"og:url\" content=\"https:\/\/www-bromic-fr.bromicpimstg.sites.hosting.454.agency\/fr\/ressources-techniques\/\" \/>\n<meta property=\"og:site_name\" content=\"Bromic Heating France\" \/>\n<meta property=\"article:modified_time\" content=\"2025-10-16T16:02:08+00:00\" \/>\n<meta property=\"og:image\" content=\"https:\/\/www-bromic-fr.bromicpimstg.sites.hosting.454.agency\/wp-content\/uploads\/sites\/11\/2025\/06\/ProLiving_39Spinnaker_05-cropped.jpg\" \/>\n\t<meta property=\"og:image:width\" content=\"1900\" \/>\n\t<meta property=\"og:image:height\" content=\"604\" \/>\n\t<meta property=\"og:image:type\" content=\"image\/jpeg\" \/>\n<meta name=\"twitter:card\" content=\"summary_large_image\" \/>\n<meta name=\"twitter:label1\" content=\"Dur\u00e9e de lecture estim\u00e9e\" \/>\n\t<meta name=\"twitter:data1\" content=\"1 minute\" \/>\n<script type=\"application\/ld+json\" class=\"yoast-schema-graph\">{\"@context\":\"https:\/\/schema.org\",\"@graph\":[{\"@type\":\"WebPage\",\"@id\":\"https:\/\/www-bromic-fr.bromicpimstg.sites.hosting.454.agency\/fr\/ressources-techniques\/\",\"url\":\"https:\/\/www-bromic-fr.bromicpimstg.sites.hosting.454.agency\/fr\/ressources-techniques\/\",\"name\":\"Ressources Techniques - Bromic Heating France\",\"isPartOf\":{\"@id\":\"https:\/\/www-bromic-fr.bromicpimstg.sites.hosting.454.agency\/fr\/#website\"},\"primaryImageOfPage\":{\"@id\":\"https:\/\/www-bromic-fr.bromicpimstg.sites.hosting.454.agency\/fr\/ressources-techniques\/#primaryimage\"},\"image\":{\"@id\":\"https:\/\/www-bromic-fr.bromicpimstg.sites.hosting.454.agency\/fr\/ressources-techniques\/#primaryimage\"},\"thumbnailUrl\":\"https:\/\/www-bromic-fr.bromicpimstg.sites.hosting.454.agency\/wp-content\/uploads\/sites\/11\/2025\/06\/ProLiving_39Spinnaker_05-cropped.jpg\",\"datePublished\":\"2021-10-21T16:37:20+00:00\",\"dateModified\":\"2025-10-16T16:02:08+00:00\",\"description\":\"Collection Eclipse Collection Platinum Collection Tungsten Collection des Appareils de Chauffage Affinity T\u00e9l\u00e9commandes Legacy de Bromic Manuel\",\"inLanguage\":\"fr-FR\",\"potentialAction\":[{\"@type\":\"ReadAction\",\"target\":[\"https:\/\/www-bromic-fr.bromicpimstg.sites.hosting.454.agency\/fr\/ressources-techniques\/\"]}]},{\"@type\":\"ImageObject\",\"inLanguage\":\"fr-FR\",\"@id\":\"https:\/\/www-bromic-fr.bromicpimstg.sites.hosting.454.agency\/fr\/ressources-techniques\/#primaryimage\",\"url\":\"https:\/\/www-bromic-fr.bromicpimstg.sites.hosting.454.agency\/wp-content\/uploads\/sites\/11\/2025\/06\/ProLiving_39Spinnaker_05-cropped.jpg\",\"contentUrl\":\"https:\/\/www-bromic-fr.bromicpimstg.sites.hosting.454.agency\/wp-content\/uploads\/sites\/11\/2025\/06\/ProLiving_39Spinnaker_05-cropped.jpg\",\"width\":1900,\"height\":604},{\"@type\":\"WebSite\",\"@id\":\"https:\/\/www-bromic-fr.bromicpimstg.sites.hosting.454.agency\/fr\/#website\",\"url\":\"https:\/\/www-bromic-fr.bromicpimstg.sites.hosting.454.agency\/fr\/\",\"name\":\"Bromic Heating France\",\"description\":\"\",\"publisher\":{\"@id\":\"https:\/\/www-bromic-fr.bromicpimstg.sites.hosting.454.agency\/fr\/#organization\"},\"potentialAction\":[{\"@type\":\"SearchAction\",\"target\":{\"@type\":\"EntryPoint\",\"urlTemplate\":\"https:\/\/www-bromic-fr.bromicpimstg.sites.hosting.454.agency\/fr\/?s={search_term_string}\"},\"query-input\":{\"@type\":\"PropertyValueSpecification\",\"valueRequired\":true,\"valueName\":\"search_term_string\"}}],\"inLanguage\":\"fr-FR\"},{\"@type\":\"Organization\",\"@id\":\"https:\/\/www-bromic-fr.bromicpimstg.sites.hosting.454.agency\/fr\/#organization\",\"name\":\"Bromic Heating France\",\"url\":\"https:\/\/www-bromic-fr.bromicpimstg.sites.hosting.454.agency\/fr\/\",\"logo\":{\"@type\":\"ImageObject\",\"inLanguage\":\"fr-FR\",\"@id\":\"https:\/\/www-bromic-fr.bromicpimstg.sites.hosting.454.agency\/fr\/#\/schema\/logo\/image\/\",\"url\":\"https:\/\/www-bromic-fr.bromicpimstg.sites.hosting.454.agency\/wp-content\/uploads\/sites\/11\/2021\/09\/bromic-logo.png\",\"contentUrl\":\"https:\/\/www-bromic-fr.bromicpimstg.sites.hosting.454.agency\/wp-content\/uploads\/sites\/11\/2021\/09\/bromic-logo.png\",\"width\":1000,\"height\":342,\"caption\":\"Bromic Heating France\"},\"image\":{\"@id\":\"https:\/\/www-bromic-fr.bromicpimstg.sites.hosting.454.agency\/fr\/#\/schema\/logo\/image\/\"}}]}<\/script>\n<!-- \/ Yoast SEO plugin. -->","yoast_head_json":{"title":"Ressources Techniques - Bromic Heating France","description":"Collection Eclipse Collection Platinum Collection Tungsten Collection des Appareils de Chauffage Affinity T\u00e9l\u00e9commandes Legacy de Bromic Manuel","robots":{"index":"index","follow":"follow","max-snippet":"max-snippet:-1","max-image-preview":"max-image-preview:large","max-video-preview":"max-video-preview:-1"},"canonical":"https:\/\/www-bromic-fr.bromicpimstg.sites.hosting.454.agency\/fr\/ressources-techniques\/","og_locale":"fr_FR","og_type":"article","og_title":"Ressources Techniques - Bromic Heating France","og_description":"Collection Eclipse Collection Platinum Collection Tungsten Collection des Appareils de Chauffage Affinity T\u00e9l\u00e9commandes Legacy de Bromic Manuel","og_url":"https:\/\/www-bromic-fr.bromicpimstg.sites.hosting.454.agency\/fr\/ressources-techniques\/","og_site_name":"Bromic Heating France","article_modified_time":"2025-10-16T16:02:08+00:00","og_image":[{"width":1900,"height":604,"url":"https:\/\/www-bromic-fr.bromicpimstg.sites.hosting.454.agency\/wp-content\/uploads\/sites\/11\/2025\/06\/ProLiving_39Spinnaker_05-cropped.jpg","type":"image\/jpeg"}],"twitter_card":"summary_large_image","twitter_misc":{"Dur\u00e9e de lecture estim\u00e9e":"1 minute"},"schema":{"@context":"https:\/\/schema.org","@graph":[{"@type":"WebPage","@id":"https:\/\/www-bromic-fr.bromicpimstg.sites.hosting.454.agency\/fr\/ressources-techniques\/","url":"https:\/\/www-bromic-fr.bromicpimstg.sites.hosting.454.agency\/fr\/ressources-techniques\/","name":"Ressources Techniques - Bromic Heating France","isPartOf":{"@id":"https:\/\/www-bromic-fr.bromicpimstg.sites.hosting.454.agency\/fr\/#website"},"primaryImageOfPage":{"@id":"https:\/\/www-bromic-fr.bromicpimstg.sites.hosting.454.agency\/fr\/ressources-techniques\/#primaryimage"},"image":{"@id":"https:\/\/www-bromic-fr.bromicpimstg.sites.hosting.454.agency\/fr\/ressources-techniques\/#primaryimage"},"thumbnailUrl":"https:\/\/www-bromic-fr.bromicpimstg.sites.hosting.454.agency\/wp-content\/uploads\/sites\/11\/2025\/06\/ProLiving_39Spinnaker_05-cropped.jpg","datePublished":"2021-10-21T16:37:20+00:00","dateModified":"2025-10-16T16:02:08+00:00","description":"Collection Eclipse Collection Platinum Collection Tungsten Collection des Appareils de Chauffage Affinity T\u00e9l\u00e9commandes Legacy de Bromic Manuel","inLanguage":"fr-FR","potentialAction":[{"@type":"ReadAction","target":["https:\/\/www-bromic-fr.bromicpimstg.sites.hosting.454.agency\/fr\/ressources-techniques\/"]}]},{"@type":"ImageObject","inLanguage":"fr-FR","@id":"https:\/\/www-bromic-fr.bromicpimstg.sites.hosting.454.agency\/fr\/ressources-techniques\/#primaryimage","url":"https:\/\/www-bromic-fr.bromicpimstg.sites.hosting.454.agency\/wp-content\/uploads\/sites\/11\/2025\/06\/ProLiving_39Spinnaker_05-cropped.jpg","contentUrl":"https:\/\/www-bromic-fr.bromicpimstg.sites.hosting.454.agency\/wp-content\/uploads\/sites\/11\/2025\/06\/ProLiving_39Spinnaker_05-cropped.jpg","width":1900,"height":604},{"@type":"WebSite","@id":"https:\/\/www-bromic-fr.bromicpimstg.sites.hosting.454.agency\/fr\/#website","url":"https:\/\/www-bromic-fr.bromicpimstg.sites.hosting.454.agency\/fr\/","name":"Bromic Heating France","description":"","publisher":{"@id":"https:\/\/www-bromic-fr.bromicpimstg.sites.hosting.454.agency\/fr\/#organization"},"potentialAction":[{"@type":"SearchAction","target":{"@type":"EntryPoint","urlTemplate":"https:\/\/www-bromic-fr.bromicpimstg.sites.hosting.454.agency\/fr\/?s={search_term_string}"},"query-input":{"@type":"PropertyValueSpecification","valueRequired":true,"valueName":"search_term_string"}}],"inLanguage":"fr-FR"},{"@type":"Organization","@id":"https:\/\/www-bromic-fr.bromicpimstg.sites.hosting.454.agency\/fr\/#organization","name":"Bromic Heating France","url":"https:\/\/www-bromic-fr.bromicpimstg.sites.hosting.454.agency\/fr\/","logo":{"@type":"ImageObject","inLanguage":"fr-FR","@id":"https:\/\/www-bromic-fr.bromicpimstg.sites.hosting.454.agency\/fr\/#\/schema\/logo\/image\/","url":"https:\/\/www-bromic-fr.bromicpimstg.sites.hosting.454.agency\/wp-content\/uploads\/sites\/11\/2021\/09\/bromic-logo.png","contentUrl":"https:\/\/www-bromic-fr.bromicpimstg.sites.hosting.454.agency\/wp-content\/uploads\/sites\/11\/2021\/09\/bromic-logo.png","width":1000,"height":342,"caption":"Bromic Heating France"},"image":{"@id":"https:\/\/www-bromic-fr.bromicpimstg.sites.hosting.454.agency\/fr\/#\/schema\/logo\/image\/"}}]}},"_links":{"self":[{"href":"https:\/\/www-bromic-fr.bromicpimstg.sites.hosting.454.agency\/fr\/wp-json\/wp\/v2\/pages\/7047","targetHints":{"allow":["GET"]}}],"collection":[{"href":"https:\/\/www-bromic-fr.bromicpimstg.sites.hosting.454.agency\/fr\/wp-json\/wp\/v2\/pages"}],"about":[{"href":"https:\/\/www-bromic-fr.bromicpimstg.sites.hosting.454.agency\/fr\/wp-json\/wp\/v2\/types\/page"}],"author":[{"embeddable":true,"href":"https:\/\/www-bromic-fr.bromicpimstg.sites.hosting.454.agency\/fr\/wp-json\/wp\/v2\/users\/8"}],"replies":[{"embeddable":true,"href":"https:\/\/www-bromic-fr.bromicpimstg.sites.hosting.454.agency\/fr\/wp-json\/wp\/v2\/comments?post=7047"}],"version-history":[{"count":0,"href":"https:\/\/www-bromic-fr.bromicpimstg.sites.hosting.454.agency\/fr\/wp-json\/wp\/v2\/pages\/7047\/revisions"}],"wp:featuredmedia":[{"embeddable":true,"href":"https:\/\/www-bromic-fr.bromicpimstg.sites.hosting.454.agency\/fr\/wp-json\/wp\/v2\/media\/43245"}],"wp:attachment":[{"href":"https:\/\/www-bromic-fr.bromicpimstg.sites.hosting.454.agency\/fr\/wp-json\/wp\/v2\/media?parent=7047"}],"curies":[{"name":"wp","href":"https:\/\/api.w.org\/{rel}","templated":true}]}}