{"id":7644,"date":"2021-10-21T09:37:14","date_gmt":"2021-10-21T16:37:14","guid":{"rendered":"https:\/\/www-bromic-fr.bromicpimstg.sites.hosting.454.agency\/garantie-et-enregistrement\/"},"modified":"2025-08-15T11:54:51","modified_gmt":"2025-08-15T18:54:51","slug":"garantie-et-enregistrement","status":"publish","type":"page","link":"https:\/\/www-bromic-fr.bromicpimstg.sites.hosting.454.agency\/fr\/garantie-et-enregistrement\/","title":{"rendered":"Garantie"},"content":{"rendered":"\n<div class=\"wp-block-group alignfull has-pearl-background-color has-background\"><div class=\"wp-block-group__inner-container is-layout-flow wp-block-group-is-layout-flow\">\n<div style=\"height:100px\" aria-hidden=\"true\" class=\"wp-block-spacer\"><\/div>\n\n\n\n<h2 class=\"wp-block-heading has-text-align-left\">Garantie du chauffage Bromic<\/h2>\n\n\n\n<p>Cette garantie s\u2019applique uniquement au propri\u00e9taire initial. Conform\u00e9ment aux conditions de garantie sp\u00e9cifi\u00e9es ci-dessous.<\/p>\n\n\n\n<p>Bromic Heating ou son mandataire (le garant) s&rsquo;engage \u00e0 fournir au propri\u00e9taire original pour des applications commerciales et r\u00e9sidentielles ;<\/p>\n\n\n\n<ol class=\"wp-block-list\">\n<li>un appareil de chauffage Bromic Heating de remplacement ou<\/li>\n\n\n\n<li>une pi\u00e8ce de rechange pour tout composant d\u00e9faillant.<\/li>\n<\/ol>\n\n\n\n<div style=\"height:50px\" aria-hidden=\"true\" class=\"wp-block-spacer\"><\/div>\n\n\n\n<figure class=\"wp-block-table\"><table><thead><tr><th><strong>Produits<\/strong><\/th><th>Garantie<\/th><\/tr><\/thead><tbody><tr><td>Platinum Electric <\/td><td>3 ans pi\u00e8ces<\/td><\/tr><tr><td>Platinum Electric Marine<\/td><td>5 an pi\u00e8ces (La garantie de 5 ans concerne uniquement les applications terrestres et ne couvre pas les installations sur les navires)<\/td><\/tr><tr><td>Platinum Gas<\/td><td>3 ans (1 an pi\u00e8ces et main d&rsquo;oeuvre et 2 ans pi\u00e8ces)<\/td><\/tr><tr><td>S\u00e9rie Tungsten<\/td><td>1 an pi\u00e8ces et main d&rsquo;oeuvre<\/td><\/tr><tr><td>Tungsten Portable<\/td><td>1 an pi\u00e8ces<\/td><\/tr><tr><td>S\u00e9rie Eclipse<\/td><td>3 ans pi\u00e8ces<\/td><\/tr><tr><td>Controles<\/td><td>1 an pi\u00e8ces<\/td><\/tr><\/tbody><\/table><\/figure>\n\n\n\n<div style=\"height:30px\" aria-hidden=\"true\" class=\"wp-block-spacer\"><\/div>\n\n\n\n<div style=\"height:60px\" aria-hidden=\"true\" class=\"wp-block-spacer\"><\/div>\n<\/div><\/div>\n\n\n\n<div style=\"height:100px\" aria-hidden=\"true\" class=\"wp-block-spacer\"><\/div>\n\n\n\n<div class=\"wp-block-media-text alignwide is-stacked-on-mobile is-image-fill\"><figure class=\"wp-block-media-text__media\" style=\"background-image:url(https:\/\/bromicpimstg.sites.hosting.454.agency\/wp-content\/uploads\/2021\/08\/Commercial-Australia-Brisbane-Kedron-Wavell-1.jpg);background-position:50% 50%\"><img decoding=\"async\" src=\"https:\/\/bromicpimstg.sites.hosting.454.agency\/wp-content\/uploads\/2021\/08\/Commercial-Australia-Brisbane-Kedron-Wavell-1.jpg\" alt=\"Chauffage au gaz mont\u00e9 sur poteau et suspendu au plafond\" class=\"wp-image-3684 size-full\"\/><\/figure><div class=\"wp-block-media-text__content\">\n<h3 class=\"wp-block-heading\">Responsabilit\u00e9 relative \u00e0 la maintenance et \u00e0 la main-d&rsquo;\u0153uvre<\/h3>\n\n\n\n<p>En vertu de cette garantie limit\u00e9e, l&rsquo;engagement du garant est limit\u00e9 \u00e0 la fourniture d\u2019un appareil de remplacement ou d&rsquo;une pi\u00e8ce de celui-ci. Le propri\u00e9taire est responsable de tous les autres co\u00fbts.<\/p>\n\n\n\n<p>Ces co\u00fbts peuvent inclure, sans s&rsquo;y limiter :<\/p>\n\n\n\n<ol class=\"wp-block-list\">\n<li>Les frais de main-d&rsquo;\u0153uvre pour l&rsquo;entretien, le retrait ou la r\u00e9installation de l&rsquo;appareil de chauffage ou d&rsquo;une partie de celui-ci.<\/li>\n\n\n\n<li>Les frais d&rsquo;exp\u00e9dition et de livraison pour l\u2019envoi du nouveau radiateur ou de la pi\u00e8ce de rechange par le distributeur le plus proche et le renvoi du radiateur ou de la pi\u00e8ce pr\u00e9tendument d\u00e9fectueux \u00e0 ce distributeur.<\/li>\n\n\n\n<li>Tous les co\u00fbts n\u00e9cessaires ou accessoires \u00e0 la manutention ou les frais d\u2019administration et tous les co\u00fbts li\u00e9s aux mat\u00e9riaux et\/ou permis requis pour l\u2019installation de l\u2019appareil ou de la pi\u00e8ce de remplacement.<\/li>\n<\/ol>\n<\/div><\/div>\n\n\n\n<div style=\"height:100px\" aria-hidden=\"true\" class=\"wp-block-spacer\"><\/div>\n\n\n\n<div class=\"wp-block-cover alignfull wp-duotone-363937-a69f91-1\"><span aria-hidden=\"true\" class=\"wp-block-cover__background has-charcoal-background-color has-background-dim-70 has-background-dim\"><\/span><img decoding=\"async\" width=\"3095\" height=\"3024\" class=\"wp-block-cover__image-background wp-image-4256\" alt=\"\" src=\"https:\/\/bromicpimstg.sites.hosting.454.agency\/wp-content\/uploads\/2021\/09\/8.jpg\" data-object-fit=\"cover\" srcset=\"https:\/\/www-bromic-fr.bromicpimstg.sites.hosting.454.agency\/wp-content\/uploads\/sites\/11\/2021\/09\/8.jpg 3095w, https:\/\/www-bromic-fr.bromicpimstg.sites.hosting.454.agency\/wp-content\/uploads\/sites\/11\/2021\/09\/8-1024x1001.jpg 1024w, https:\/\/www-bromic-fr.bromicpimstg.sites.hosting.454.agency\/wp-content\/uploads\/sites\/11\/2021\/09\/8-1600x1563.jpg 1600w, https:\/\/www-bromic-fr.bromicpimstg.sites.hosting.454.agency\/wp-content\/uploads\/sites\/11\/2021\/09\/8-1280x1251.jpg 1280w, https:\/\/www-bromic-fr.bromicpimstg.sites.hosting.454.agency\/wp-content\/uploads\/sites\/11\/2021\/09\/8-1536x1501.jpg 1536w, https:\/\/www-bromic-fr.bromicpimstg.sites.hosting.454.agency\/wp-content\/uploads\/sites\/11\/2021\/09\/8-2048x2001.jpg 2048w, https:\/\/www-bromic-fr.bromicpimstg.sites.hosting.454.agency\/wp-content\/uploads\/sites\/11\/2021\/09\/8-500x489.jpg 500w\" sizes=\"(max-width: 3095px) 100vw, 3095px\" \/><div class=\"wp-block-cover__inner-container is-layout-flow wp-block-cover-is-layout-flow\">\n<div style=\"height:100px\" aria-hidden=\"true\" class=\"wp-block-spacer\"><\/div>\n\n\n\n<div class=\"wp-block-group\"><div class=\"wp-block-group__inner-container is-layout-flow wp-block-group-is-layout-flow\">\n<div class=\"wp-block-columns alignwide is-layout-flex wp-container-core-columns-is-layout-9d6595d7 wp-block-columns-is-layout-flex\">\n<div class=\"wp-block-column is-layout-flow wp-block-column-is-layout-flow\" style=\"flex-basis:35%\">\n<h4 class=\"wp-block-heading\">Limitation des garanties implicites<\/h4>\n\n\n\n<p style=\"font-size:18px\">Les garanties implicites, y compris toute garantie de qualit\u00e9 marchande impos\u00e9e \u00e0 la vente de ce radiateur en vertu des lois en vigueur, sont limit\u00e9es \u00e0 une dur\u00e9e d\u2019un an pour le radiateur ou l&rsquo;une de ses pi\u00e8ces. Certains \u00c9tats n\u2019autorisant pas les limitations de dur\u00e9e d&rsquo;une garantie implicite, les limitations ci-dessus peuvent ne pas s\u2019appliquer \u00e0 vous.<\/p>\n\n\n\n<h4 class=\"wp-block-heading\">Proc\u00e9dure de r\u00e9clamation<\/h4>\n\n\n\n<p style=\"font-size:18px\">Toute r\u00e9clamation au titre de la pr\u00e9sente garantie doit \u00eatre initi\u00e9e aupr\u00e8s du<strong>  <em>revendeur\/d\u00e9taillant <\/em><\/strong>qui a vendu le radiateur, ou aupr\u00e8s de tout autre revendeur distribuant les produits du garant.<\/p>\n<\/div>\n\n\n\n<div class=\"wp-block-column has-white-background-color has-background is-layout-flow wp-block-column-is-layout-flow\" style=\"padding-top:40px;padding-right:40px;padding-bottom:40px;padding-left:40px;flex-basis:65%\">\n<h3 class=\"wp-block-heading has-black-color has-text-color\">Formulaire d\u2019assistance client<\/h3>\n\n\n<script charset=\"utf-8\" type=\"text\/javascript\" src=\"\/\/js.hsforms.net\/forms\/embed\/v2.js\"><\/script>\r\n<script>\r\n  hbspt.forms.create({\r\n    portalId: \"21962787\",\r\n    formId: \"933e8f82-20be-44e9-b7b2-656f19df862a\",\r\n    region: \"na1\"\r\n  });\r\n<\/script><\/div>\n<\/div>\n<\/div><\/div>\n\n\n\n<div style=\"height:100px\" aria-hidden=\"true\" class=\"wp-block-spacer\"><\/div>\n<\/div><\/div>\n","protected":false},"excerpt":{"rendered":"<p>Garantie du chauffage Bromic Cette garantie s\u2019applique uniquement au propri\u00e9taire initial. Conform\u00e9ment aux conditions de garantie sp\u00e9cifi\u00e9es ci-dessous. Bromic Heating ou son mandataire (le garant) s&rsquo;engage \u00e0 fournir au propri\u00e9taire original pour des applications commerciales et r\u00e9sidentielles ; Produits Garantie Platinum Electric 3 ans pi\u00e8ces Platinum Electric Marine 5 an pi\u00e8ces (La garantie de 5 [&hellip;]<\/p>\n","protected":false},"author":8,"featured_media":29434,"parent":0,"menu_order":0,"comment_status":"closed","ping_status":"closed","template":"","meta":{"_acf_changed":false,"footnotes":""},"class_list":["post-7644","page","type-page","status-publish","has-post-thumbnail","hentry"],"acf":[],"yoast_head":"<!-- This site is optimized with the Yoast SEO plugin v26.1.1 - https:\/\/yoast.com\/wordpress\/plugins\/seo\/ -->\n<title>Garantie - Bromic Heating France<\/title>\n<meta name=\"description\" content=\"Garantie du chauffage Bromic Cette garantie s\u2019applique uniquement au propri\u00e9taire initial. Conform\u00e9ment aux conditions de garantie sp\u00e9cifi\u00e9es ci-dessous.\" \/>\n<meta name=\"robots\" content=\"index, follow, max-snippet:-1, max-image-preview:large, max-video-preview:-1\" \/>\n<link rel=\"canonical\" href=\"https:\/\/www-bromic-fr.bromicpimstg.sites.hosting.454.agency\/fr\/garantie-et-enregistrement\/\" \/>\n<meta property=\"og:locale\" content=\"fr_FR\" \/>\n<meta property=\"og:type\" content=\"article\" \/>\n<meta property=\"og:title\" content=\"Garantie - Bromic Heating France\" \/>\n<meta property=\"og:description\" content=\"Garantie du chauffage Bromic Cette garantie s\u2019applique uniquement au propri\u00e9taire initial. Conform\u00e9ment aux conditions de garantie sp\u00e9cifi\u00e9es ci-dessous.\" \/>\n<meta property=\"og:url\" content=\"https:\/\/www-bromic-fr.bromicpimstg.sites.hosting.454.agency\/fr\/garantie-et-enregistrement\/\" \/>\n<meta property=\"og:site_name\" content=\"Bromic Heating France\" \/>\n<meta property=\"article:modified_time\" content=\"2025-08-15T18:54:51+00:00\" \/>\n<meta property=\"og:image\" content=\"https:\/\/www-bromic-fr.bromicpimstg.sites.hosting.454.agency\/wp-content\/uploads\/sites\/11\/2023\/08\/eclipse_portable_residential-scene_web.jpg\" \/>\n\t<meta property=\"og:image:width\" content=\"2560\" \/>\n\t<meta property=\"og:image:height\" content=\"1706\" \/>\n\t<meta property=\"og:image:type\" content=\"image\/jpeg\" \/>\n<meta name=\"twitter:card\" content=\"summary_large_image\" \/>\n<meta name=\"twitter:label1\" content=\"Dur\u00e9e de lecture estim\u00e9e\" \/>\n\t<meta name=\"twitter:data1\" content=\"3 minutes\" \/>\n<script type=\"application\/ld+json\" class=\"yoast-schema-graph\">{\"@context\":\"https:\/\/schema.org\",\"@graph\":[{\"@type\":\"WebPage\",\"@id\":\"https:\/\/www-bromic-fr.bromicpimstg.sites.hosting.454.agency\/fr\/garantie-et-enregistrement\/\",\"url\":\"https:\/\/www-bromic-fr.bromicpimstg.sites.hosting.454.agency\/fr\/garantie-et-enregistrement\/\",\"name\":\"Garantie - Bromic Heating France\",\"isPartOf\":{\"@id\":\"https:\/\/www-bromic-fr.bromicpimstg.sites.hosting.454.agency\/fr\/#website\"},\"primaryImageOfPage\":{\"@id\":\"https:\/\/www-bromic-fr.bromicpimstg.sites.hosting.454.agency\/fr\/garantie-et-enregistrement\/#primaryimage\"},\"image\":{\"@id\":\"https:\/\/www-bromic-fr.bromicpimstg.sites.hosting.454.agency\/fr\/garantie-et-enregistrement\/#primaryimage\"},\"thumbnailUrl\":\"https:\/\/www-bromic-fr.bromicpimstg.sites.hosting.454.agency\/wp-content\/uploads\/sites\/11\/2023\/08\/eclipse_portable_residential-scene_web.jpg\",\"datePublished\":\"2021-10-21T16:37:14+00:00\",\"dateModified\":\"2025-08-15T18:54:51+00:00\",\"description\":\"Garantie du chauffage Bromic Cette garantie s\u2019applique uniquement au propri\u00e9taire initial. Conform\u00e9ment aux conditions de garantie sp\u00e9cifi\u00e9es ci-dessous.\",\"inLanguage\":\"fr-FR\",\"potentialAction\":[{\"@type\":\"ReadAction\",\"target\":[\"https:\/\/www-bromic-fr.bromicpimstg.sites.hosting.454.agency\/fr\/garantie-et-enregistrement\/\"]}]},{\"@type\":\"ImageObject\",\"inLanguage\":\"fr-FR\",\"@id\":\"https:\/\/www-bromic-fr.bromicpimstg.sites.hosting.454.agency\/fr\/garantie-et-enregistrement\/#primaryimage\",\"url\":\"https:\/\/www-bromic-fr.bromicpimstg.sites.hosting.454.agency\/wp-content\/uploads\/sites\/11\/2023\/08\/eclipse_portable_residential-scene_web.jpg\",\"contentUrl\":\"https:\/\/www-bromic-fr.bromicpimstg.sites.hosting.454.agency\/wp-content\/uploads\/sites\/11\/2023\/08\/eclipse_portable_residential-scene_web.jpg\",\"width\":2560,\"height\":1706,\"caption\":\"Residential Portable Outside Heaters - Bromic Eclipse Portable\"},{\"@type\":\"WebSite\",\"@id\":\"https:\/\/www-bromic-fr.bromicpimstg.sites.hosting.454.agency\/fr\/#website\",\"url\":\"https:\/\/www-bromic-fr.bromicpimstg.sites.hosting.454.agency\/fr\/\",\"name\":\"Bromic Heating France\",\"description\":\"\",\"publisher\":{\"@id\":\"https:\/\/www-bromic-fr.bromicpimstg.sites.hosting.454.agency\/fr\/#organization\"},\"potentialAction\":[{\"@type\":\"SearchAction\",\"target\":{\"@type\":\"EntryPoint\",\"urlTemplate\":\"https:\/\/www-bromic-fr.bromicpimstg.sites.hosting.454.agency\/fr\/?s={search_term_string}\"},\"query-input\":{\"@type\":\"PropertyValueSpecification\",\"valueRequired\":true,\"valueName\":\"search_term_string\"}}],\"inLanguage\":\"fr-FR\"},{\"@type\":\"Organization\",\"@id\":\"https:\/\/www-bromic-fr.bromicpimstg.sites.hosting.454.agency\/fr\/#organization\",\"name\":\"Bromic Heating France\",\"url\":\"https:\/\/www-bromic-fr.bromicpimstg.sites.hosting.454.agency\/fr\/\",\"logo\":{\"@type\":\"ImageObject\",\"inLanguage\":\"fr-FR\",\"@id\":\"https:\/\/www-bromic-fr.bromicpimstg.sites.hosting.454.agency\/fr\/#\/schema\/logo\/image\/\",\"url\":\"https:\/\/www-bromic-fr.bromicpimstg.sites.hosting.454.agency\/wp-content\/uploads\/sites\/11\/2021\/09\/bromic-logo.png\",\"contentUrl\":\"https:\/\/www-bromic-fr.bromicpimstg.sites.hosting.454.agency\/wp-content\/uploads\/sites\/11\/2021\/09\/bromic-logo.png\",\"width\":1000,\"height\":342,\"caption\":\"Bromic Heating France\"},\"image\":{\"@id\":\"https:\/\/www-bromic-fr.bromicpimstg.sites.hosting.454.agency\/fr\/#\/schema\/logo\/image\/\"}}]}<\/script>\n<!-- \/ Yoast SEO plugin. -->","yoast_head_json":{"title":"Garantie - Bromic Heating France","description":"Garantie du chauffage Bromic Cette garantie s\u2019applique uniquement au propri\u00e9taire initial. Conform\u00e9ment aux conditions de garantie sp\u00e9cifi\u00e9es ci-dessous.","robots":{"index":"index","follow":"follow","max-snippet":"max-snippet:-1","max-image-preview":"max-image-preview:large","max-video-preview":"max-video-preview:-1"},"canonical":"https:\/\/www-bromic-fr.bromicpimstg.sites.hosting.454.agency\/fr\/garantie-et-enregistrement\/","og_locale":"fr_FR","og_type":"article","og_title":"Garantie - Bromic Heating France","og_description":"Garantie du chauffage Bromic Cette garantie s\u2019applique uniquement au propri\u00e9taire initial. Conform\u00e9ment aux conditions de garantie sp\u00e9cifi\u00e9es ci-dessous.","og_url":"https:\/\/www-bromic-fr.bromicpimstg.sites.hosting.454.agency\/fr\/garantie-et-enregistrement\/","og_site_name":"Bromic Heating France","article_modified_time":"2025-08-15T18:54:51+00:00","og_image":[{"width":2560,"height":1706,"url":"https:\/\/www-bromic-fr.bromicpimstg.sites.hosting.454.agency\/wp-content\/uploads\/sites\/11\/2023\/08\/eclipse_portable_residential-scene_web.jpg","type":"image\/jpeg"}],"twitter_card":"summary_large_image","twitter_misc":{"Dur\u00e9e de lecture estim\u00e9e":"3 minutes"},"schema":{"@context":"https:\/\/schema.org","@graph":[{"@type":"WebPage","@id":"https:\/\/www-bromic-fr.bromicpimstg.sites.hosting.454.agency\/fr\/garantie-et-enregistrement\/","url":"https:\/\/www-bromic-fr.bromicpimstg.sites.hosting.454.agency\/fr\/garantie-et-enregistrement\/","name":"Garantie - Bromic Heating France","isPartOf":{"@id":"https:\/\/www-bromic-fr.bromicpimstg.sites.hosting.454.agency\/fr\/#website"},"primaryImageOfPage":{"@id":"https:\/\/www-bromic-fr.bromicpimstg.sites.hosting.454.agency\/fr\/garantie-et-enregistrement\/#primaryimage"},"image":{"@id":"https:\/\/www-bromic-fr.bromicpimstg.sites.hosting.454.agency\/fr\/garantie-et-enregistrement\/#primaryimage"},"thumbnailUrl":"https:\/\/www-bromic-fr.bromicpimstg.sites.hosting.454.agency\/wp-content\/uploads\/sites\/11\/2023\/08\/eclipse_portable_residential-scene_web.jpg","datePublished":"2021-10-21T16:37:14+00:00","dateModified":"2025-08-15T18:54:51+00:00","description":"Garantie du chauffage Bromic Cette garantie s\u2019applique uniquement au propri\u00e9taire initial. Conform\u00e9ment aux conditions de garantie sp\u00e9cifi\u00e9es ci-dessous.","inLanguage":"fr-FR","potentialAction":[{"@type":"ReadAction","target":["https:\/\/www-bromic-fr.bromicpimstg.sites.hosting.454.agency\/fr\/garantie-et-enregistrement\/"]}]},{"@type":"ImageObject","inLanguage":"fr-FR","@id":"https:\/\/www-bromic-fr.bromicpimstg.sites.hosting.454.agency\/fr\/garantie-et-enregistrement\/#primaryimage","url":"https:\/\/www-bromic-fr.bromicpimstg.sites.hosting.454.agency\/wp-content\/uploads\/sites\/11\/2023\/08\/eclipse_portable_residential-scene_web.jpg","contentUrl":"https:\/\/www-bromic-fr.bromicpimstg.sites.hosting.454.agency\/wp-content\/uploads\/sites\/11\/2023\/08\/eclipse_portable_residential-scene_web.jpg","width":2560,"height":1706,"caption":"Residential Portable Outside Heaters - Bromic Eclipse Portable"},{"@type":"WebSite","@id":"https:\/\/www-bromic-fr.bromicpimstg.sites.hosting.454.agency\/fr\/#website","url":"https:\/\/www-bromic-fr.bromicpimstg.sites.hosting.454.agency\/fr\/","name":"Bromic Heating France","description":"","publisher":{"@id":"https:\/\/www-bromic-fr.bromicpimstg.sites.hosting.454.agency\/fr\/#organization"},"potentialAction":[{"@type":"SearchAction","target":{"@type":"EntryPoint","urlTemplate":"https:\/\/www-bromic-fr.bromicpimstg.sites.hosting.454.agency\/fr\/?s={search_term_string}"},"query-input":{"@type":"PropertyValueSpecification","valueRequired":true,"valueName":"search_term_string"}}],"inLanguage":"fr-FR"},{"@type":"Organization","@id":"https:\/\/www-bromic-fr.bromicpimstg.sites.hosting.454.agency\/fr\/#organization","name":"Bromic Heating France","url":"https:\/\/www-bromic-fr.bromicpimstg.sites.hosting.454.agency\/fr\/","logo":{"@type":"ImageObject","inLanguage":"fr-FR","@id":"https:\/\/www-bromic-fr.bromicpimstg.sites.hosting.454.agency\/fr\/#\/schema\/logo\/image\/","url":"https:\/\/www-bromic-fr.bromicpimstg.sites.hosting.454.agency\/wp-content\/uploads\/sites\/11\/2021\/09\/bromic-logo.png","contentUrl":"https:\/\/www-bromic-fr.bromicpimstg.sites.hosting.454.agency\/wp-content\/uploads\/sites\/11\/2021\/09\/bromic-logo.png","width":1000,"height":342,"caption":"Bromic Heating France"},"image":{"@id":"https:\/\/www-bromic-fr.bromicpimstg.sites.hosting.454.agency\/fr\/#\/schema\/logo\/image\/"}}]}},"_links":{"self":[{"href":"https:\/\/www-bromic-fr.bromicpimstg.sites.hosting.454.agency\/fr\/wp-json\/wp\/v2\/pages\/7644","targetHints":{"allow":["GET"]}}],"collection":[{"href":"https:\/\/www-bromic-fr.bromicpimstg.sites.hosting.454.agency\/fr\/wp-json\/wp\/v2\/pages"}],"about":[{"href":"https:\/\/www-bromic-fr.bromicpimstg.sites.hosting.454.agency\/fr\/wp-json\/wp\/v2\/types\/page"}],"author":[{"embeddable":true,"href":"https:\/\/www-bromic-fr.bromicpimstg.sites.hosting.454.agency\/fr\/wp-json\/wp\/v2\/users\/8"}],"replies":[{"embeddable":true,"href":"https:\/\/www-bromic-fr.bromicpimstg.sites.hosting.454.agency\/fr\/wp-json\/wp\/v2\/comments?post=7644"}],"version-history":[{"count":0,"href":"https:\/\/www-bromic-fr.bromicpimstg.sites.hosting.454.agency\/fr\/wp-json\/wp\/v2\/pages\/7644\/revisions"}],"wp:featuredmedia":[{"embeddable":true,"href":"https:\/\/www-bromic-fr.bromicpimstg.sites.hosting.454.agency\/fr\/wp-json\/wp\/v2\/media\/29434"}],"wp:attachment":[{"href":"https:\/\/www-bromic-fr.bromicpimstg.sites.hosting.454.agency\/fr\/wp-json\/wp\/v2\/media?parent=7644"}],"curies":[{"name":"wp","href":"https:\/\/api.w.org\/{rel}","templated":true}]}}