{"id":7652,"date":"2021-10-21T09:38:09","date_gmt":"2021-10-21T16:38:09","guid":{"rendered":"https:\/\/www-bromic-fr.bromicpimstg.sites.hosting.454.agency\/concevoir-votre-espace\/"},"modified":"2022-12-05T16:56:05","modified_gmt":"2022-12-05T23:56:05","slug":"concevoir-votre-espace","status":"publish","type":"page","link":"https:\/\/www-bromic-fr.bromicpimstg.sites.hosting.454.agency\/fr\/concevoir-votre-espace\/","title":{"rendered":"Concevoir votre espace"},"content":{"rendered":"\n<div class=\"wp-block-group alignfull has-pearl-background-color has-background\"><div class=\"wp-block-group__inner-container is-layout-flow wp-block-group-is-layout-flow\">\n<div style=\"height:100px\" aria-hidden=\"true\" class=\"wp-block-spacer\"><\/div>\n\n\n\n<div class=\"wp-block-columns alignwide is-layout-flex wp-container-core-columns-is-layout-9d6595d7 wp-block-columns-is-layout-flex\">\n<div class=\"wp-block-column is-layout-flow wp-block-column-is-layout-flow\" style=\"flex-basis:40%\">\n<h3 class=\"wp-block-heading\">Voir un exemple de conception<\/h3>\n\n\n\n<p><strong>Dessins techniques et soutien aux sp\u00e9cifications du chauffage ext\u00e9rieur<\/strong><\/p>\n\n\n\n<p>Qu&rsquo;il s\u2019agisse d&rsquo;inclure la diffusion de chaleur dans vos dessins techniques ou d&rsquo;une liste d\u2019options compl\u00e8tes r\u00e9pondant \u00e0 vos besoins, notre service de conception r\u00e9pondra \u00e0 vos questions et vous aidera \u00e0 commander exactement ce qu\u2019il vous faut.<\/p>\n\n\n\n<ul class=\"wp-block-list\"><li>Superposition de plans par \u00e9tage<\/li><li>Agencement et environnement<\/li><li>Types d&rsquo;\u00e9nergie<\/li><li>Budget du projet<\/li><li>S\u00e9lection de l&rsquo;appareil de chauffage<\/li><li>Exigences d&rsquo;installation<\/li><\/ul>\n\n\n\n<div style=\"height:20px\" aria-hidden=\"true\" class=\"wp-block-spacer\"><\/div>\n\n\n\n<div class=\"wp-block-buttons is-layout-flex wp-block-buttons-is-layout-flex\">\n<div class=\"wp-block-button\"><a class=\"wp-block-button__link has-orange-background-color has-background\" href=\"https:\/\/bromicpimstg.sites.hosting.454.agency\/wp-content\/uploads\/2021\/09\/Design-Services-Project-Example.pdf\" target=\"_blank\" rel=\"noreferrer noopener\">T\u00e9l\u00e9charger l&rsquo;\u00e9chantillon de conception<\/a><\/div>\n<\/div>\n<\/div>\n\n\n\n<div class=\"wp-block-column has-white-background-color has-background is-layout-flow wp-block-column-is-layout-flow\" style=\"padding-top:40px;padding-right:40px;padding-bottom:40px;padding-left:40px;flex-basis:60%\">\n<h4 class=\"wp-block-heading\">Parlez-nous de votre projet<\/h4>\n\n\n<script charset=\"utf-8\" type=\"text\/javascript\" src=\"\/\/js.hsforms.net\/forms\/embed\/v2.js\"><\/script>\r\n<script>\r\n  hbspt.forms.create({\r\n    region: \"na1\",\r\n    portalId: \"21962787\",\r\n    formId: \"6706a6df-6589-441c-ac91-79f4f8a7736f\"\r\n  });\r\n<\/script><\/div>\n<\/div>\n\n\n\n<div style=\"height:100px\" aria-hidden=\"true\" class=\"wp-block-spacer\"><\/div>\n<\/div><\/div>\n\n\n\n<div style=\"height:100px\" aria-hidden=\"true\" class=\"wp-block-spacer\"><\/div>\n\n\n\n<h2 class=\"has-text-align-center wp-block-heading\">Derniers projets<\/h2>\n\n\n\n<div style=\"height:20px\" aria-hidden=\"true\" class=\"wp-block-spacer\"><\/div>\n\n\n<section class=\"blocks block-case-studies alignwide \" id=\"block_22c219c59d09ba54b097d866e92b66be\">\n\n                <ul class=\"wp-block-latest-posts__list is-grid columns-3 wp-block-latest-posts\">\n                            <li>\n                    <div class=\"wp-block-latest-posts__featured-image\">\n                        <img decoding=\"async\" width=\"2500\" height=\"1682\" src=\"https:\/\/www-bromic-fr.bromicpimstg.sites.hosting.454.agency\/wp-content\/uploads\/sites\/11\/2025\/07\/BromicHeaters_OranParkHotel_StevenWoodburn_3.jpg\" class=\"attachment-mediunm size-mediunm wp-post-image\" alt=\"\" srcset=\"https:\/\/www-bromic-fr.bromicpimstg.sites.hosting.454.agency\/wp-content\/uploads\/sites\/11\/2025\/07\/BromicHeaters_OranParkHotel_StevenWoodburn_3.jpg 2500w, https:\/\/www-bromic-fr.bromicpimstg.sites.hosting.454.agency\/wp-content\/uploads\/sites\/11\/2025\/07\/BromicHeaters_OranParkHotel_StevenWoodburn_3-1024x689.jpg 1024w, https:\/\/www-bromic-fr.bromicpimstg.sites.hosting.454.agency\/wp-content\/uploads\/sites\/11\/2025\/07\/BromicHeaters_OranParkHotel_StevenWoodburn_3-1600x1076.jpg 1600w\" sizes=\"(max-width: 2500px) 100vw, 2500px\" \/>                    <\/div>\n                    <a href=\"case-study\/elegance-naturelle-a-loran-park-hotel\/\">\u00c9l\u00e9gance Naturelle \u00e0 l\u2019Oran Park Hotel<\/a>\n                    <div class=\"wp-block-latest-posts__post-excerpt\">Situ\u00e9 au sud-ouest de Sydney, Oran Park est une banlieue en plein essor, autrefois vaste&#8230;<\/div>\n                    <a href=\"case-study\/elegance-naturelle-a-loran-park-hotel\/\" class=\"button-link\" aria-label=\"Continuer la lecture \u00c9l\u00e9gance Naturelle \u00e0 l\u2019Oran Park Hotel\">Continuer la lecture<\/a>\n                <\/li>\n                            <li>\n                    <div class=\"wp-block-latest-posts__featured-image\">\n                        <img decoding=\"async\" width=\"2560\" height=\"2030\" src=\"https:\/\/www-bromic-fr.bromicpimstg.sites.hosting.454.agency\/wp-content\/uploads\/sites\/11\/2025\/03\/Industrie-Apartments-Exterior-scaled.jpg\" class=\"attachment-mediunm size-mediunm wp-post-image\" alt=\"\" srcset=\"https:\/\/www-bromic-fr.bromicpimstg.sites.hosting.454.agency\/wp-content\/uploads\/sites\/11\/2025\/03\/Industrie-Apartments-Exterior-scaled.jpg 2560w, https:\/\/www-bromic-fr.bromicpimstg.sites.hosting.454.agency\/wp-content\/uploads\/sites\/11\/2025\/03\/Industrie-Apartments-Exterior-1024x812.jpg 1024w, https:\/\/www-bromic-fr.bromicpimstg.sites.hosting.454.agency\/wp-content\/uploads\/sites\/11\/2025\/03\/Industrie-Apartments-Exterior-1600x1269.jpg 1600w\" sizes=\"(max-width: 2560px) 100vw, 2560px\" \/>                    <\/div>\n                    <a href=\"case-study\/creer-une-retraite-sur-le-toit-toute-lannee-dans-le-premier-immeuble-multifamilial-zero-emission-dalbany\/\">Cr\u00e9er une retraite sur le toit toute l&rsquo;ann\u00e9e dans le premier immeuble multifamilial z\u00e9ro \u00e9mission d&rsquo;Albany<\/a>\n                    <div class=\"wp-block-latest-posts__post-excerpt\">Aper\u00e7u du projet Industrie, un projet r\u00e9sidentiel multifamilial z\u00e9ro \u00e9mission d\u00e9velopp\u00e9 par The Rosenblum Companies,&#8230;<\/div>\n                    <a href=\"case-study\/creer-une-retraite-sur-le-toit-toute-lannee-dans-le-premier-immeuble-multifamilial-zero-emission-dalbany\/\" class=\"button-link\" aria-label=\"Continuer la lecture Cr\u00e9er une retraite sur le toit toute l&rsquo;ann\u00e9e dans le premier immeuble multifamilial z\u00e9ro \u00e9mission d&rsquo;Albany\">Continuer la lecture<\/a>\n                <\/li>\n                            <li>\n                    <div class=\"wp-block-latest-posts__featured-image\">\n                        <img decoding=\"async\" width=\"1920\" height=\"1080\" src=\"https:\/\/www-bromic-fr.bromicpimstg.sites.hosting.454.agency\/wp-content\/uploads\/sites\/11\/2023\/08\/Christophers-Wrigley-Mansion.png\" class=\"attachment-mediunm size-mediunm wp-post-image\" alt=\"Bromic Heating Case Studies - Eclipse Portable Heaters Wringley&#039;s Mansion in Phoenix, Arizona\" srcset=\"https:\/\/www-bromic-fr.bromicpimstg.sites.hosting.454.agency\/wp-content\/uploads\/sites\/11\/2023\/08\/Christophers-Wrigley-Mansion.png 1920w, https:\/\/www-bromic-fr.bromicpimstg.sites.hosting.454.agency\/wp-content\/uploads\/sites\/11\/2023\/08\/Christophers-Wrigley-Mansion-1024x576.png 1024w, https:\/\/www-bromic-fr.bromicpimstg.sites.hosting.454.agency\/wp-content\/uploads\/sites\/11\/2023\/08\/Christophers-Wrigley-Mansion-1600x900.png 1600w, https:\/\/www-bromic-fr.bromicpimstg.sites.hosting.454.agency\/wp-content\/uploads\/sites\/11\/2023\/08\/Christophers-Wrigley-Mansion-1280x720.png 1280w, https:\/\/www-bromic-fr.bromicpimstg.sites.hosting.454.agency\/wp-content\/uploads\/sites\/11\/2023\/08\/Christophers-Wrigley-Mansion-1536x864.png 1536w, https:\/\/www-bromic-fr.bromicpimstg.sites.hosting.454.agency\/wp-content\/uploads\/sites\/11\/2023\/08\/Christophers-Wrigley-Mansion-500x281.png 500w\" sizes=\"(max-width: 1920px) 100vw, 1920px\" \/>                    <\/div>\n                    <a href=\"case-study\/eclipse-portable-pour-le-christophers-au-wrigley-mansion\/\">Eclipse Portable pour le Christopher&rsquo;s au Manoir Wrigley<\/a>\n                    <div class=\"wp-block-latest-posts__post-excerpt\">Le manoir historique de Wrigley, con\u00e7u par William Wrigley et achev\u00e9 en 1931, est un&#8230;<\/div>\n                    <a href=\"case-study\/eclipse-portable-pour-le-christophers-au-wrigley-mansion\/\" class=\"button-link\" aria-label=\"Continuer la lecture Eclipse Portable pour le Christopher&rsquo;s au Manoir Wrigley\">Continuer la lecture<\/a>\n                <\/li>\n                    <\/ul>\n        \n<\/section>\n","protected":false},"excerpt":{"rendered":"<p>Voir un exemple de conception Dessins techniques et soutien aux sp\u00e9cifications du chauffage ext\u00e9rieur Qu&rsquo;il s\u2019agisse d&rsquo;inclure la diffusion de chaleur dans vos dessins techniques ou d&rsquo;une liste d\u2019options compl\u00e8tes r\u00e9pondant \u00e0 vos besoins, notre service de conception r\u00e9pondra \u00e0 vos questions et vous aidera \u00e0 commander exactement ce qu\u2019il vous faut. Superposition de plans [&hellip;]<\/p>\n","protected":false},"author":8,"featured_media":29375,"parent":0,"menu_order":0,"comment_status":"closed","ping_status":"closed","template":"","meta":{"_acf_changed":false,"footnotes":""},"class_list":["post-7652","page","type-page","status-publish","has-post-thumbnail","hentry"],"acf":[],"yoast_head":"<!-- This site is optimized with the Yoast SEO plugin v26.1.1 - https:\/\/yoast.com\/wordpress\/plugins\/seo\/ -->\n<title>Concevoir votre espace - Bromic Heating France<\/title>\n<meta name=\"description\" content=\"Voir un exemple de conception Dessins techniques et soutien aux sp\u00e9cifications du chauffage ext\u00e9rieur Qu&#039;il s\u2019agisse d&#039;inclure la diffusion de chaleur\" \/>\n<meta name=\"robots\" content=\"index, follow, max-snippet:-1, max-image-preview:large, max-video-preview:-1\" \/>\n<link rel=\"canonical\" href=\"https:\/\/www-bromic-fr.bromicpimstg.sites.hosting.454.agency\/fr\/concevoir-votre-espace\/\" \/>\n<meta property=\"og:locale\" content=\"fr_FR\" \/>\n<meta property=\"og:type\" content=\"article\" \/>\n<meta property=\"og:title\" content=\"Concevoir votre espace - Bromic Heating France\" \/>\n<meta property=\"og:description\" content=\"Voir un exemple de conception Dessins techniques et soutien aux sp\u00e9cifications du chauffage ext\u00e9rieur Qu&#039;il s\u2019agisse d&#039;inclure la diffusion de chaleur\" \/>\n<meta property=\"og:url\" content=\"https:\/\/www-bromic-fr.bromicpimstg.sites.hosting.454.agency\/fr\/concevoir-votre-espace\/\" \/>\n<meta property=\"og:site_name\" content=\"Bromic Heating France\" \/>\n<meta property=\"article:modified_time\" content=\"2022-12-05T23:56:05+00:00\" \/>\n<meta property=\"og:image\" content=\"https:\/\/www-bromic-fr.bromicpimstg.sites.hosting.454.agency\/wp-content\/uploads\/sites\/11\/2023\/08\/Tungsten_Portable_HR-1-1600x1131-1.jpg\" \/>\n\t<meta property=\"og:image:width\" content=\"1600\" \/>\n\t<meta property=\"og:image:height\" content=\"1131\" \/>\n\t<meta property=\"og:image:type\" content=\"image\/jpeg\" \/>\n<meta name=\"twitter:card\" content=\"summary_large_image\" \/>\n<meta name=\"twitter:label1\" content=\"Dur\u00e9e de lecture estim\u00e9e\" \/>\n\t<meta name=\"twitter:data1\" content=\"1 minute\" \/>\n<script type=\"application\/ld+json\" class=\"yoast-schema-graph\">{\"@context\":\"https:\/\/schema.org\",\"@graph\":[{\"@type\":\"WebPage\",\"@id\":\"https:\/\/www-bromic-fr.bromicpimstg.sites.hosting.454.agency\/fr\/concevoir-votre-espace\/\",\"url\":\"https:\/\/www-bromic-fr.bromicpimstg.sites.hosting.454.agency\/fr\/concevoir-votre-espace\/\",\"name\":\"Concevoir votre espace - Bromic Heating France\",\"isPartOf\":{\"@id\":\"https:\/\/www-bromic-fr.bromicpimstg.sites.hosting.454.agency\/fr\/#website\"},\"primaryImageOfPage\":{\"@id\":\"https:\/\/www-bromic-fr.bromicpimstg.sites.hosting.454.agency\/fr\/concevoir-votre-espace\/#primaryimage\"},\"image\":{\"@id\":\"https:\/\/www-bromic-fr.bromicpimstg.sites.hosting.454.agency\/fr\/concevoir-votre-espace\/#primaryimage\"},\"thumbnailUrl\":\"https:\/\/www-bromic-fr.bromicpimstg.sites.hosting.454.agency\/wp-content\/uploads\/sites\/11\/2023\/08\/Tungsten_Portable_HR-1-1600x1131-1.jpg\",\"datePublished\":\"2021-10-21T16:38:09+00:00\",\"dateModified\":\"2022-12-05T23:56:05+00:00\",\"description\":\"Voir un exemple de conception Dessins techniques et soutien aux sp\u00e9cifications du chauffage ext\u00e9rieur Qu'il s\u2019agisse d'inclure la diffusion de chaleur\",\"inLanguage\":\"fr-FR\",\"potentialAction\":[{\"@type\":\"ReadAction\",\"target\":[\"https:\/\/www-bromic-fr.bromicpimstg.sites.hosting.454.agency\/fr\/concevoir-votre-espace\/\"]}]},{\"@type\":\"ImageObject\",\"inLanguage\":\"fr-FR\",\"@id\":\"https:\/\/www-bromic-fr.bromicpimstg.sites.hosting.454.agency\/fr\/concevoir-votre-espace\/#primaryimage\",\"url\":\"https:\/\/www-bromic-fr.bromicpimstg.sites.hosting.454.agency\/wp-content\/uploads\/sites\/11\/2023\/08\/Tungsten_Portable_HR-1-1600x1131-1.jpg\",\"contentUrl\":\"https:\/\/www-bromic-fr.bromicpimstg.sites.hosting.454.agency\/wp-content\/uploads\/sites\/11\/2023\/08\/Tungsten_Portable_HR-1-1600x1131-1.jpg\",\"width\":1600,\"height\":1131,\"caption\":\"Tungsten Portable\"},{\"@type\":\"WebSite\",\"@id\":\"https:\/\/www-bromic-fr.bromicpimstg.sites.hosting.454.agency\/fr\/#website\",\"url\":\"https:\/\/www-bromic-fr.bromicpimstg.sites.hosting.454.agency\/fr\/\",\"name\":\"Bromic Heating France\",\"description\":\"\",\"publisher\":{\"@id\":\"https:\/\/www-bromic-fr.bromicpimstg.sites.hosting.454.agency\/fr\/#organization\"},\"potentialAction\":[{\"@type\":\"SearchAction\",\"target\":{\"@type\":\"EntryPoint\",\"urlTemplate\":\"https:\/\/www-bromic-fr.bromicpimstg.sites.hosting.454.agency\/fr\/?s={search_term_string}\"},\"query-input\":{\"@type\":\"PropertyValueSpecification\",\"valueRequired\":true,\"valueName\":\"search_term_string\"}}],\"inLanguage\":\"fr-FR\"},{\"@type\":\"Organization\",\"@id\":\"https:\/\/www-bromic-fr.bromicpimstg.sites.hosting.454.agency\/fr\/#organization\",\"name\":\"Bromic Heating France\",\"url\":\"https:\/\/www-bromic-fr.bromicpimstg.sites.hosting.454.agency\/fr\/\",\"logo\":{\"@type\":\"ImageObject\",\"inLanguage\":\"fr-FR\",\"@id\":\"https:\/\/www-bromic-fr.bromicpimstg.sites.hosting.454.agency\/fr\/#\/schema\/logo\/image\/\",\"url\":\"https:\/\/www-bromic-fr.bromicpimstg.sites.hosting.454.agency\/wp-content\/uploads\/sites\/11\/2021\/09\/bromic-logo.png\",\"contentUrl\":\"https:\/\/www-bromic-fr.bromicpimstg.sites.hosting.454.agency\/wp-content\/uploads\/sites\/11\/2021\/09\/bromic-logo.png\",\"width\":1000,\"height\":342,\"caption\":\"Bromic Heating France\"},\"image\":{\"@id\":\"https:\/\/www-bromic-fr.bromicpimstg.sites.hosting.454.agency\/fr\/#\/schema\/logo\/image\/\"}}]}<\/script>\n<!-- \/ Yoast SEO plugin. -->","yoast_head_json":{"title":"Concevoir votre espace - Bromic Heating France","description":"Voir un exemple de conception Dessins techniques et soutien aux sp\u00e9cifications du chauffage ext\u00e9rieur Qu'il s\u2019agisse d'inclure la diffusion de chaleur","robots":{"index":"index","follow":"follow","max-snippet":"max-snippet:-1","max-image-preview":"max-image-preview:large","max-video-preview":"max-video-preview:-1"},"canonical":"https:\/\/www-bromic-fr.bromicpimstg.sites.hosting.454.agency\/fr\/concevoir-votre-espace\/","og_locale":"fr_FR","og_type":"article","og_title":"Concevoir votre espace - Bromic Heating France","og_description":"Voir un exemple de conception Dessins techniques et soutien aux sp\u00e9cifications du chauffage ext\u00e9rieur Qu'il s\u2019agisse d'inclure la diffusion de chaleur","og_url":"https:\/\/www-bromic-fr.bromicpimstg.sites.hosting.454.agency\/fr\/concevoir-votre-espace\/","og_site_name":"Bromic Heating France","article_modified_time":"2022-12-05T23:56:05+00:00","og_image":[{"width":1600,"height":1131,"url":"https:\/\/www-bromic-fr.bromicpimstg.sites.hosting.454.agency\/wp-content\/uploads\/sites\/11\/2023\/08\/Tungsten_Portable_HR-1-1600x1131-1.jpg","type":"image\/jpeg"}],"twitter_card":"summary_large_image","twitter_misc":{"Dur\u00e9e de lecture estim\u00e9e":"1 minute"},"schema":{"@context":"https:\/\/schema.org","@graph":[{"@type":"WebPage","@id":"https:\/\/www-bromic-fr.bromicpimstg.sites.hosting.454.agency\/fr\/concevoir-votre-espace\/","url":"https:\/\/www-bromic-fr.bromicpimstg.sites.hosting.454.agency\/fr\/concevoir-votre-espace\/","name":"Concevoir votre espace - Bromic Heating France","isPartOf":{"@id":"https:\/\/www-bromic-fr.bromicpimstg.sites.hosting.454.agency\/fr\/#website"},"primaryImageOfPage":{"@id":"https:\/\/www-bromic-fr.bromicpimstg.sites.hosting.454.agency\/fr\/concevoir-votre-espace\/#primaryimage"},"image":{"@id":"https:\/\/www-bromic-fr.bromicpimstg.sites.hosting.454.agency\/fr\/concevoir-votre-espace\/#primaryimage"},"thumbnailUrl":"https:\/\/www-bromic-fr.bromicpimstg.sites.hosting.454.agency\/wp-content\/uploads\/sites\/11\/2023\/08\/Tungsten_Portable_HR-1-1600x1131-1.jpg","datePublished":"2021-10-21T16:38:09+00:00","dateModified":"2022-12-05T23:56:05+00:00","description":"Voir un exemple de conception Dessins techniques et soutien aux sp\u00e9cifications du chauffage ext\u00e9rieur Qu'il s\u2019agisse d'inclure la diffusion de chaleur","inLanguage":"fr-FR","potentialAction":[{"@type":"ReadAction","target":["https:\/\/www-bromic-fr.bromicpimstg.sites.hosting.454.agency\/fr\/concevoir-votre-espace\/"]}]},{"@type":"ImageObject","inLanguage":"fr-FR","@id":"https:\/\/www-bromic-fr.bromicpimstg.sites.hosting.454.agency\/fr\/concevoir-votre-espace\/#primaryimage","url":"https:\/\/www-bromic-fr.bromicpimstg.sites.hosting.454.agency\/wp-content\/uploads\/sites\/11\/2023\/08\/Tungsten_Portable_HR-1-1600x1131-1.jpg","contentUrl":"https:\/\/www-bromic-fr.bromicpimstg.sites.hosting.454.agency\/wp-content\/uploads\/sites\/11\/2023\/08\/Tungsten_Portable_HR-1-1600x1131-1.jpg","width":1600,"height":1131,"caption":"Tungsten Portable"},{"@type":"WebSite","@id":"https:\/\/www-bromic-fr.bromicpimstg.sites.hosting.454.agency\/fr\/#website","url":"https:\/\/www-bromic-fr.bromicpimstg.sites.hosting.454.agency\/fr\/","name":"Bromic Heating France","description":"","publisher":{"@id":"https:\/\/www-bromic-fr.bromicpimstg.sites.hosting.454.agency\/fr\/#organization"},"potentialAction":[{"@type":"SearchAction","target":{"@type":"EntryPoint","urlTemplate":"https:\/\/www-bromic-fr.bromicpimstg.sites.hosting.454.agency\/fr\/?s={search_term_string}"},"query-input":{"@type":"PropertyValueSpecification","valueRequired":true,"valueName":"search_term_string"}}],"inLanguage":"fr-FR"},{"@type":"Organization","@id":"https:\/\/www-bromic-fr.bromicpimstg.sites.hosting.454.agency\/fr\/#organization","name":"Bromic Heating France","url":"https:\/\/www-bromic-fr.bromicpimstg.sites.hosting.454.agency\/fr\/","logo":{"@type":"ImageObject","inLanguage":"fr-FR","@id":"https:\/\/www-bromic-fr.bromicpimstg.sites.hosting.454.agency\/fr\/#\/schema\/logo\/image\/","url":"https:\/\/www-bromic-fr.bromicpimstg.sites.hosting.454.agency\/wp-content\/uploads\/sites\/11\/2021\/09\/bromic-logo.png","contentUrl":"https:\/\/www-bromic-fr.bromicpimstg.sites.hosting.454.agency\/wp-content\/uploads\/sites\/11\/2021\/09\/bromic-logo.png","width":1000,"height":342,"caption":"Bromic Heating France"},"image":{"@id":"https:\/\/www-bromic-fr.bromicpimstg.sites.hosting.454.agency\/fr\/#\/schema\/logo\/image\/"}}]}},"_links":{"self":[{"href":"https:\/\/www-bromic-fr.bromicpimstg.sites.hosting.454.agency\/fr\/wp-json\/wp\/v2\/pages\/7652","targetHints":{"allow":["GET"]}}],"collection":[{"href":"https:\/\/www-bromic-fr.bromicpimstg.sites.hosting.454.agency\/fr\/wp-json\/wp\/v2\/pages"}],"about":[{"href":"https:\/\/www-bromic-fr.bromicpimstg.sites.hosting.454.agency\/fr\/wp-json\/wp\/v2\/types\/page"}],"author":[{"embeddable":true,"href":"https:\/\/www-bromic-fr.bromicpimstg.sites.hosting.454.agency\/fr\/wp-json\/wp\/v2\/users\/8"}],"replies":[{"embeddable":true,"href":"https:\/\/www-bromic-fr.bromicpimstg.sites.hosting.454.agency\/fr\/wp-json\/wp\/v2\/comments?post=7652"}],"version-history":[{"count":0,"href":"https:\/\/www-bromic-fr.bromicpimstg.sites.hosting.454.agency\/fr\/wp-json\/wp\/v2\/pages\/7652\/revisions"}],"wp:featuredmedia":[{"embeddable":true,"href":"https:\/\/www-bromic-fr.bromicpimstg.sites.hosting.454.agency\/fr\/wp-json\/wp\/v2\/media\/29375"}],"wp:attachment":[{"href":"https:\/\/www-bromic-fr.bromicpimstg.sites.hosting.454.agency\/fr\/wp-json\/wp\/v2\/media?parent=7652"}],"curies":[{"name":"wp","href":"https:\/\/api.w.org\/{rel}","templated":true}]}}