{"id":7660,"date":"2021-10-21T09:47:09","date_gmt":"2021-10-21T16:47:09","guid":{"rendered":"https:\/\/www-bromic-fr.bromicpimstg.sites.hosting.454.agency\/super-yacht-et-navires-de-croisiere\/"},"modified":"2024-01-24T16:30:52","modified_gmt":"2024-01-25T00:30:52","slug":"super-yacht-et-navires-de-croisiere","status":"publish","type":"page","link":"https:\/\/www-bromic-fr.bromicpimstg.sites.hosting.454.agency\/fr\/super-yacht-et-navires-de-croisiere\/","title":{"rendered":"Superyachts et navires de croisi\u00e8re"},"content":{"rendered":"\n<div class=\"wp-block-cover alignfull\" style=\"padding-top:30%;padding-right:30px;padding-bottom:200px;padding-left:30px\"><span aria-hidden=\"true\" class=\"wp-block-cover__background has-background-dim-60 has-background-dim\"><\/span><img decoding=\"async\" class=\"wp-block-cover__image-background wp-image-2813\" alt=\"\" src=\"https:\/\/bromicpimstg.sites.hosting.454.agency\/wp-content\/uploads\/2021\/08\/MY-LEL-LR-scaled.jpg\" data-object-fit=\"cover\"\/><div class=\"wp-block-cover__inner-container is-layout-flow wp-block-cover-is-layout-flow\">\n<p class=\"has-text-align-center h6 has-orange-color has-text-color\">Superyachts et navires de croisi\u00e8re<\/p>\n\n\n\n<h1 class=\"wp-block-heading has-text-align-center alignmedium\">D\u00e9couvrez un nouveau niveau de confort<\/h1>\n<\/div><\/div>\n\n\n\n<div class=\"wp-block-group alignfull has-background\" style=\"background:linear-gradient(180deg,rgb(238,242,244) 0%,rgb(255,255,255) 100%)\"><div class=\"wp-block-group__inner-container is-layout-flow wp-block-group-is-layout-flow\"><section class=\"blocks block-logos has-container  has-color-logos  alignwide\" id=\"block_98f4cc008420e2c82018d5b2e054012f\" style=\"margin-top: -50px; margin-bottom: px;\">\n    <div class=\"container\">\n                    <h3>Ces marques ont fait le bon choix<\/h3>\n                    <\/div>\n<\/section>\n\n\n\n<div style=\"height:130px\" aria-hidden=\"true\" class=\"wp-block-spacer\"><\/div>\n\n\n\n<div class=\"wp-block-columns alignwide is-layout-flex wp-container-core-columns-is-layout-9d6595d7 wp-block-columns-is-layout-flex\">\n<div class=\"wp-block-column is-layout-flow wp-block-column-is-layout-flow\" style=\"flex-basis:33.33%\">\n<h2 class=\"wp-block-heading\">La seule solution au monde de chauffage ext\u00e9rieur certifi\u00e9e Lloyds Register<\/h2>\n<\/div>\n\n\n\n<div class=\"wp-block-column is-layout-flow wp-block-column-is-layout-flow\" style=\"flex-basis:66.66%\">\n<p style=\"font-size:18px\">Seule entreprise \u00e0 proposer des solutions de chauffage ext\u00e9rieur certifi\u00e9es Lloyds Register, Bromic est fi\u00e8re d\u2019\u00eatre \u00e0 la pointe de la conception et de l&rsquo;ing\u00e9nierie pour les environnements marins.<\/p>\n\n\n\n<p style=\"font-size:18px\">Notre mantra de conception est \u00ab Conception sup\u00e9rieure, chaleur sup\u00e9rieure \u00bb. Pour nous, il ne suffit pas de construire le produit le plus esth\u00e9tique ou le plus performant, comme l\u2019ont fait certains de nos concurrents. Nous avons toujours cherch\u00e9 \u00e0 combiner les deux en un seul produit.<\/p>\n<\/div>\n<\/div>\n<\/div><\/div>\n\n\n\n<div style=\"height:150px\" aria-hidden=\"true\" class=\"wp-block-spacer\"><\/div>\n\n\n<section class=\"blocks block-outdoor-planner alignfull \" id=\"block_66644d02a60bb1ea08524017b398e268\">\n    <div class=\"container\">\n        \n        <div class=\"wrapper\">\n            \n                        \n            <div class=\"slider\">\n                            <\/div>\n        <\/div>\n        \n                    <div class=\"content\">\n                <h6>T\u00e9l\u00e9charger la brochure<\/h6>                <h2>D\u00e9couvrez un nouveau niveau de confort avec les solutions de chauffage Bromic Marine.<\/h2>                <p>Les chauffages Platinum Smart-Heat\u2122 Electric Marine de Bromic ont \u00e9t\u00e9 sp\u00e9cialement con\u00e7us pour enrichir l&rsquo;exp\u00e9rience de confort des propri\u00e9taires de superyachts, ainsi que des clients \u00e0 bord des navires de croisi\u00e8re.<\/p>\n                                    <a class=\"button\" href=\"\/wp-content\/uploads\/2023\/02\/Bromic-Heating-Presentation-Marine-EUAU.pdf\" target=\"_blank\">T\u00e9l\u00e9charger maintenant<\/a>\n                            <\/div>\n        \n\n        <div class=\"call-to-action\">\n            <h3>Service de conception gratuit<\/h3>            <p><strong>Dessins techniques et soutien aux sp\u00e9cifications du chauffage ext\u00e9rieur<\/strong>\r\n<br \/>\r\nFaites appel \u00e0 l&rsquo;\u00e9quipe de conception de Bromic pour acc\u00e9l\u00e9rer vos plans de projet et fournir un soutien en mati\u00e8re de sp\u00e9cifications techniques sans frais suppl\u00e9mentaires.<\/p>                            <a class=\"button\" href=\"\/fr\/concevoir-votre-espace\/\" target=\"_self\">Concevez votre espace<\/a>\n                    <\/div>\n    <\/div>\n\n    <script>\n        jQuery(document).ready(function($){\n            $('#block_66644d02a60bb1ea08524017b398e268 .slider').slick({\n                arrows: false,\n                autoplay: true,\n                autoplaySpeed: 4000,\n                dots: false,\n                infinite: true,\n                fade: true,\n                mobileFirst: true,\n                slidesToShow: 1,\n                slidesToScroll: 1,\n                speed: 1000,\n                swipe: true,\n                swipeToSlide: true,\n                touchMove: true,\n                pauseOnFocus: false,\n                pauseOnHover: false,\n            });\n        });\n    <\/script>\n<\/section>\n\n\n\n<div style=\"height:100px\" aria-hidden=\"true\" class=\"wp-block-spacer\"><\/div>\n\n\n<section class=\"blocks block-testimonials  textleft\" id=\"block_af5d29054eb379c65786f5120409f161\" data-text-align=\"left\">\n\n    <div class=\"testimonials-slider\">\n\n                                    <div>\n                    <blockquote class=\"textmedium\">\n                        <p>Le niveau de qualit\u00e9 des produits Bromic est tr\u00e8s \u00e9lev\u00e9. Nos clients et nous-m\u00eames sommes tr\u00e8s satisfaits de Bromic, et nous esp\u00e9rons continuer \u00e0 coop\u00e9rer sur de futurs projets. Continuez \u00e0 faire du bon travail !<\/p>\n                                                <cite>\n                            <span class=\"initials\">MB<\/span>                                <span class=\"names\">\n                                    <strong>Marco Boscarino<\/strong>\n                                                                            <small>Azure Yacht &amp; Naval Architecture<\/small>\n                                                                    <\/span>\n                                                    <\/cite>\n                                            <\/blockquote>\n                <\/div>\n            \n            <\/div>\n\n    <script>\n    jQuery(function($) {\n        $('#block_af5d29054eb379c65786f5120409f161 .testimonials-slider').slick({\n            arrows: true,\n            dots: false,\n            infinite: true,\n            slidesToShow: 1,\n            slidesToScroll: 1,\n            adaptiveHeight: true,\n            speed: 500,\n            fade: true,\n            cssEase: 'linear',\n            autoplay: false,\n            prevArrow: '<span class=\"slick-prev\"><i><\/i><\/span>',\n            nextArrow: '<span class=\"slick-next\"><i><\/i><\/spanb>',\n        });\n    });\n    <\/script>\n<\/section>\n\n\n\n<div style=\"height:100px\" aria-hidden=\"true\" class=\"wp-block-spacer\"><\/div>\n\n\n\n<div class=\"wp-block-cover alignfull has-parallax\" style=\"padding-top:100px;padding-right:30px;padding-bottom:100px;padding-left:30px;min-height:634px;aspect-ratio:unset;\"><span aria-hidden=\"true\" class=\"wp-block-cover__background has-background-dim\"><\/span><div role=\"img\" class=\"wp-block-cover__image-background wp-image-6709 has-parallax\" style=\"background-position:50% 50%;background-image:url(https:\/\/www-bromic-fr.bromicpimstg.sites.hosting.454.agency\/wp-content\/uploads\/sites\/11\/2023\/08\/MY-LEL-5-LR.jpg)\"><\/div><div class=\"wp-block-cover__inner-container is-layout-flow wp-block-cover-is-layout-flow\">\n<p class=\"has-text-align-center has-large-font-size\"><\/p>\n<\/div><\/div>\n\n\n\n<div style=\"height:100px\" aria-hidden=\"true\" class=\"wp-block-spacer\"><\/div>\n\n\n\n<h3 class=\"wp-block-heading has-text-align-center\">Projets en vedette<\/h3>\n\n\n\n<div style=\"height:20px\" aria-hidden=\"true\" class=\"wp-block-spacer\"><\/div>\n\n\n\n<figure class=\"wp-block-gallery has-nested-images columns-default is-cropped columns-3 wp-block-gallery-1 is-layout-flex wp-block-gallery-is-layout-flex\">\n<figure class=\"wp-block-image size-large\"><img decoding=\"async\" data-id=\"14309\" src=\"https:\/\/bromicpimstg.sites.hosting.454.agency\/wp-content\/uploads\/2022\/08\/Marine-Grade_Platinum-Electric_White_Lady-Lene-1-1600x1067.jpg\" alt=\"\" class=\"wp-image-14309\"\/><figcaption class=\"wp-element-caption\">M\/Y Lady Lene\n\nCopyright \u00a9 www.yacht-shot.com\n\nStuart Pearce<\/figcaption><\/figure>\n\n\n\n<figure class=\"wp-block-image size-large\"><img decoding=\"async\" data-id=\"14098\" src=\"https:\/\/bromicpimstg.sites.hosting.454.agency\/wp-content\/uploads\/2021\/08\/my-lel-4-lr.jpg\" alt=\"\" class=\"wp-image-14098\"\/><\/figure>\n\n\n\n<figure class=\"wp-block-image size-large\"><img decoding=\"async\" data-id=\"11517\" src=\"https:\/\/bromicpimstg.sites.hosting.454.agency\/wp-content\/uploads\/2021\/10\/MY-LEL-LR-1600x1067.jpg\" alt=\"Overhead Electric Heater - Bromic Platinum Electric Marine \" class=\"wp-image-11517\"\/><\/figure>\n\n\n\n<figure class=\"wp-block-image size-large\"><img decoding=\"async\" data-id=\"14291\" src=\"https:\/\/bromicpimstg.sites.hosting.454.agency\/wp-content\/uploads\/2022\/08\/Marine-Grade_Platinum-Electric_White_Lady-Lene-2-1600x1067.jpg\" alt=\"\" class=\"wp-image-14291\"\/><figcaption class=\"wp-element-caption\">M\/Y Lady Lene\n\nCopyright \u00a9 www.yacht-shot.com\n\nStuart Pearce<\/figcaption><\/figure>\n\n\n\n<figure class=\"wp-block-image size-large\"><img decoding=\"async\" data-id=\"2888\" src=\"https:\/\/bromicpimstg.sites.hosting.454.agency\/wp-content\/uploads\/2021\/08\/MY-LEL-LR-2-1600x828.jpg\" alt=\"Chauffage \u00e9lectrique sur le pont d'un superyacht\" class=\"wp-image-2888\"\/><\/figure>\n<\/figure>\n\n\n\n<div class=\"wp-block-group alignfull has-pearl-background-color has-background\"><div class=\"wp-block-group__inner-container is-layout-flow wp-block-group-is-layout-flow\">\n<div style=\"height:100px\" aria-hidden=\"true\" class=\"wp-block-spacer\"><\/div>\n\n\n\n<div class=\"wp-block-columns alignwide is-layout-flex wp-container-core-columns-is-layout-9d6595d7 wp-block-columns-is-layout-flex\">\n<div class=\"wp-block-column is-layout-flow wp-block-column-is-layout-flow\" style=\"flex-basis:33.33%\">\n<h3 class=\"wp-block-heading\">Liens rapides<\/h3>\n\n\n\n<div style=\"height:20px\" aria-hidden=\"true\" class=\"wp-block-spacer\"><\/div>\n\n\n<section class=\"blocks block-quick-links \" id=\"block_f1435b0c0a6bfdda0d97ad3262cf1037\">\n\n            <ul class=\"links-list\">\n                                                <li><a href=\"\/fr\/guide-de-planification-des-pieces-exterieures\/\" target=\"_self\">Guide de planification du chauffage ext\u00e9rieur<\/a><\/li>\n                                                    <li><a href=\"\/fr\/acceder-aux-fichiers-bim\/\" target=\"_self\">Fichiers Revit BIM<\/a><\/li>\n                                                    <li><a href=\"\/fr\/ressources-techniques\/\" target=\"_self\">Ressources techniques<\/a><\/li>\n                                                    <li><a href=\"\/fr\/catalogue-de-produits\/\" target=\"_self\">Catalogue de produits<\/a><\/li>\n                                                    <li><a href=\"\/fr\/contacter-le-support-technique\/\" target=\"_self\">Planifier un appel de soutien technique<\/a><\/li>\n                        <\/ul>\n        <\/section>\n<\/div>\n\n\n\n<div class=\"wp-block-column is-layout-flow wp-block-column-is-layout-flow\" style=\"flex-basis:66.66%\">\n<h3 class=\"wp-block-heading\">Articles<\/h3>\n\n\n\n<div style=\"height:20px\" aria-hidden=\"true\" class=\"wp-block-spacer\"><\/div>\n\n\n<section class=\"blocks block-quick-links \" id=\"block_8dd35932b204daec6bf368648858d392\">\n\n            \n    <\/section>\n<\/div>\n<\/div>\n\n\n\n<div style=\"height:100px\" aria-hidden=\"true\" class=\"wp-block-spacer\"><\/div>\n<\/div><\/div>\n","protected":false},"excerpt":{"rendered":"<p>La seule solution au monde de chauffage ext\u00e9rieur certifi\u00e9e Lloyds Register Seule entreprise \u00e0 proposer des solutions de chauffage ext\u00e9rieur certifi\u00e9es Lloyds Register, Bromic est fi\u00e8re d\u2019\u00eatre \u00e0 la pointe de la conception et de l&rsquo;ing\u00e9nierie pour les environnements marins. Notre mantra de conception est \u00ab Conception sup\u00e9rieure, chaleur sup\u00e9rieure \u00bb. Pour nous, il ne [&hellip;]<\/p>\n","protected":false},"author":8,"featured_media":29434,"parent":0,"menu_order":0,"comment_status":"closed","ping_status":"closed","template":"","meta":{"_acf_changed":false,"footnotes":""},"class_list":["post-7660","page","type-page","status-publish","has-post-thumbnail","hentry"],"acf":[],"yoast_head":"<!-- This site is optimized with the Yoast SEO plugin v26.1.1 - https:\/\/yoast.com\/wordpress\/plugins\/seo\/ -->\n<title>Superyachts et navires de croisi\u00e8re - Bromic Heating France<\/title>\n<meta name=\"description\" content=\"Superyachts et navires de croisi\u00e8re D\u00e9couvrez un nouveau niveau de confort La seule solution au monde de chauffage ext\u00e9rieur certifi\u00e9e Lloyds Register\" \/>\n<meta name=\"robots\" content=\"index, follow, max-snippet:-1, max-image-preview:large, max-video-preview:-1\" \/>\n<link rel=\"canonical\" href=\"https:\/\/www-bromic-fr.bromicpimstg.sites.hosting.454.agency\/fr\/super-yacht-et-navires-de-croisiere\/\" \/>\n<meta property=\"og:locale\" content=\"fr_FR\" \/>\n<meta property=\"og:type\" content=\"article\" \/>\n<meta property=\"og:title\" content=\"Superyachts et navires de croisi\u00e8re - Bromic Heating France\" \/>\n<meta property=\"og:description\" content=\"Superyachts et navires de croisi\u00e8re D\u00e9couvrez un nouveau niveau de confort La seule solution au monde de chauffage ext\u00e9rieur certifi\u00e9e Lloyds Register\" \/>\n<meta property=\"og:url\" content=\"https:\/\/www-bromic-fr.bromicpimstg.sites.hosting.454.agency\/fr\/super-yacht-et-navires-de-croisiere\/\" \/>\n<meta property=\"og:site_name\" content=\"Bromic Heating France\" \/>\n<meta property=\"article:modified_time\" content=\"2024-01-25T00:30:52+00:00\" \/>\n<meta property=\"og:image\" content=\"https:\/\/www-bromic-fr.bromicpimstg.sites.hosting.454.agency\/wp-content\/uploads\/sites\/11\/2023\/08\/eclipse_portable_residential-scene_web.jpg\" \/>\n\t<meta property=\"og:image:width\" content=\"2560\" \/>\n\t<meta property=\"og:image:height\" content=\"1706\" \/>\n\t<meta property=\"og:image:type\" content=\"image\/jpeg\" \/>\n<meta name=\"twitter:card\" content=\"summary_large_image\" \/>\n<meta name=\"twitter:label1\" content=\"Dur\u00e9e de lecture estim\u00e9e\" \/>\n\t<meta name=\"twitter:data1\" content=\"2 minutes\" \/>\n<script type=\"application\/ld+json\" class=\"yoast-schema-graph\">{\"@context\":\"https:\/\/schema.org\",\"@graph\":[{\"@type\":\"WebPage\",\"@id\":\"https:\/\/www-bromic-fr.bromicpimstg.sites.hosting.454.agency\/fr\/super-yacht-et-navires-de-croisiere\/\",\"url\":\"https:\/\/www-bromic-fr.bromicpimstg.sites.hosting.454.agency\/fr\/super-yacht-et-navires-de-croisiere\/\",\"name\":\"Superyachts et navires de croisi\u00e8re - Bromic Heating France\",\"isPartOf\":{\"@id\":\"https:\/\/www-bromic-fr.bromicpimstg.sites.hosting.454.agency\/fr\/#website\"},\"primaryImageOfPage\":{\"@id\":\"https:\/\/www-bromic-fr.bromicpimstg.sites.hosting.454.agency\/fr\/super-yacht-et-navires-de-croisiere\/#primaryimage\"},\"image\":{\"@id\":\"https:\/\/www-bromic-fr.bromicpimstg.sites.hosting.454.agency\/fr\/super-yacht-et-navires-de-croisiere\/#primaryimage\"},\"thumbnailUrl\":\"https:\/\/www-bromic-fr.bromicpimstg.sites.hosting.454.agency\/wp-content\/uploads\/sites\/11\/2023\/08\/eclipse_portable_residential-scene_web.jpg\",\"datePublished\":\"2021-10-21T16:47:09+00:00\",\"dateModified\":\"2024-01-25T00:30:52+00:00\",\"description\":\"Superyachts et navires de croisi\u00e8re D\u00e9couvrez un nouveau niveau de confort La seule solution au monde de chauffage ext\u00e9rieur certifi\u00e9e Lloyds Register\",\"inLanguage\":\"fr-FR\",\"potentialAction\":[{\"@type\":\"ReadAction\",\"target\":[\"https:\/\/www-bromic-fr.bromicpimstg.sites.hosting.454.agency\/fr\/super-yacht-et-navires-de-croisiere\/\"]}]},{\"@type\":\"ImageObject\",\"inLanguage\":\"fr-FR\",\"@id\":\"https:\/\/www-bromic-fr.bromicpimstg.sites.hosting.454.agency\/fr\/super-yacht-et-navires-de-croisiere\/#primaryimage\",\"url\":\"https:\/\/www-bromic-fr.bromicpimstg.sites.hosting.454.agency\/wp-content\/uploads\/sites\/11\/2023\/08\/eclipse_portable_residential-scene_web.jpg\",\"contentUrl\":\"https:\/\/www-bromic-fr.bromicpimstg.sites.hosting.454.agency\/wp-content\/uploads\/sites\/11\/2023\/08\/eclipse_portable_residential-scene_web.jpg\",\"width\":2560,\"height\":1706,\"caption\":\"Residential Portable Outside Heaters - Bromic Eclipse Portable\"},{\"@type\":\"WebSite\",\"@id\":\"https:\/\/www-bromic-fr.bromicpimstg.sites.hosting.454.agency\/fr\/#website\",\"url\":\"https:\/\/www-bromic-fr.bromicpimstg.sites.hosting.454.agency\/fr\/\",\"name\":\"Bromic Heating France\",\"description\":\"\",\"publisher\":{\"@id\":\"https:\/\/www-bromic-fr.bromicpimstg.sites.hosting.454.agency\/fr\/#organization\"},\"potentialAction\":[{\"@type\":\"SearchAction\",\"target\":{\"@type\":\"EntryPoint\",\"urlTemplate\":\"https:\/\/www-bromic-fr.bromicpimstg.sites.hosting.454.agency\/fr\/?s={search_term_string}\"},\"query-input\":{\"@type\":\"PropertyValueSpecification\",\"valueRequired\":true,\"valueName\":\"search_term_string\"}}],\"inLanguage\":\"fr-FR\"},{\"@type\":\"Organization\",\"@id\":\"https:\/\/www-bromic-fr.bromicpimstg.sites.hosting.454.agency\/fr\/#organization\",\"name\":\"Bromic Heating France\",\"url\":\"https:\/\/www-bromic-fr.bromicpimstg.sites.hosting.454.agency\/fr\/\",\"logo\":{\"@type\":\"ImageObject\",\"inLanguage\":\"fr-FR\",\"@id\":\"https:\/\/www-bromic-fr.bromicpimstg.sites.hosting.454.agency\/fr\/#\/schema\/logo\/image\/\",\"url\":\"https:\/\/www-bromic-fr.bromicpimstg.sites.hosting.454.agency\/wp-content\/uploads\/sites\/11\/2021\/09\/bromic-logo.png\",\"contentUrl\":\"https:\/\/www-bromic-fr.bromicpimstg.sites.hosting.454.agency\/wp-content\/uploads\/sites\/11\/2021\/09\/bromic-logo.png\",\"width\":1000,\"height\":342,\"caption\":\"Bromic Heating France\"},\"image\":{\"@id\":\"https:\/\/www-bromic-fr.bromicpimstg.sites.hosting.454.agency\/fr\/#\/schema\/logo\/image\/\"}}]}<\/script>\n<!-- \/ Yoast SEO plugin. -->","yoast_head_json":{"title":"Superyachts et navires de croisi\u00e8re - Bromic Heating France","description":"Superyachts et navires de croisi\u00e8re D\u00e9couvrez un nouveau niveau de confort La seule solution au monde de chauffage ext\u00e9rieur certifi\u00e9e Lloyds Register","robots":{"index":"index","follow":"follow","max-snippet":"max-snippet:-1","max-image-preview":"max-image-preview:large","max-video-preview":"max-video-preview:-1"},"canonical":"https:\/\/www-bromic-fr.bromicpimstg.sites.hosting.454.agency\/fr\/super-yacht-et-navires-de-croisiere\/","og_locale":"fr_FR","og_type":"article","og_title":"Superyachts et navires de croisi\u00e8re - Bromic Heating France","og_description":"Superyachts et navires de croisi\u00e8re D\u00e9couvrez un nouveau niveau de confort La seule solution au monde de chauffage ext\u00e9rieur certifi\u00e9e Lloyds Register","og_url":"https:\/\/www-bromic-fr.bromicpimstg.sites.hosting.454.agency\/fr\/super-yacht-et-navires-de-croisiere\/","og_site_name":"Bromic Heating France","article_modified_time":"2024-01-25T00:30:52+00:00","og_image":[{"width":2560,"height":1706,"url":"https:\/\/www-bromic-fr.bromicpimstg.sites.hosting.454.agency\/wp-content\/uploads\/sites\/11\/2023\/08\/eclipse_portable_residential-scene_web.jpg","type":"image\/jpeg"}],"twitter_card":"summary_large_image","twitter_misc":{"Dur\u00e9e de lecture estim\u00e9e":"2 minutes"},"schema":{"@context":"https:\/\/schema.org","@graph":[{"@type":"WebPage","@id":"https:\/\/www-bromic-fr.bromicpimstg.sites.hosting.454.agency\/fr\/super-yacht-et-navires-de-croisiere\/","url":"https:\/\/www-bromic-fr.bromicpimstg.sites.hosting.454.agency\/fr\/super-yacht-et-navires-de-croisiere\/","name":"Superyachts et navires de croisi\u00e8re - Bromic Heating France","isPartOf":{"@id":"https:\/\/www-bromic-fr.bromicpimstg.sites.hosting.454.agency\/fr\/#website"},"primaryImageOfPage":{"@id":"https:\/\/www-bromic-fr.bromicpimstg.sites.hosting.454.agency\/fr\/super-yacht-et-navires-de-croisiere\/#primaryimage"},"image":{"@id":"https:\/\/www-bromic-fr.bromicpimstg.sites.hosting.454.agency\/fr\/super-yacht-et-navires-de-croisiere\/#primaryimage"},"thumbnailUrl":"https:\/\/www-bromic-fr.bromicpimstg.sites.hosting.454.agency\/wp-content\/uploads\/sites\/11\/2023\/08\/eclipse_portable_residential-scene_web.jpg","datePublished":"2021-10-21T16:47:09+00:00","dateModified":"2024-01-25T00:30:52+00:00","description":"Superyachts et navires de croisi\u00e8re D\u00e9couvrez un nouveau niveau de confort La seule solution au monde de chauffage ext\u00e9rieur certifi\u00e9e Lloyds Register","inLanguage":"fr-FR","potentialAction":[{"@type":"ReadAction","target":["https:\/\/www-bromic-fr.bromicpimstg.sites.hosting.454.agency\/fr\/super-yacht-et-navires-de-croisiere\/"]}]},{"@type":"ImageObject","inLanguage":"fr-FR","@id":"https:\/\/www-bromic-fr.bromicpimstg.sites.hosting.454.agency\/fr\/super-yacht-et-navires-de-croisiere\/#primaryimage","url":"https:\/\/www-bromic-fr.bromicpimstg.sites.hosting.454.agency\/wp-content\/uploads\/sites\/11\/2023\/08\/eclipse_portable_residential-scene_web.jpg","contentUrl":"https:\/\/www-bromic-fr.bromicpimstg.sites.hosting.454.agency\/wp-content\/uploads\/sites\/11\/2023\/08\/eclipse_portable_residential-scene_web.jpg","width":2560,"height":1706,"caption":"Residential Portable Outside Heaters - Bromic Eclipse Portable"},{"@type":"WebSite","@id":"https:\/\/www-bromic-fr.bromicpimstg.sites.hosting.454.agency\/fr\/#website","url":"https:\/\/www-bromic-fr.bromicpimstg.sites.hosting.454.agency\/fr\/","name":"Bromic Heating France","description":"","publisher":{"@id":"https:\/\/www-bromic-fr.bromicpimstg.sites.hosting.454.agency\/fr\/#organization"},"potentialAction":[{"@type":"SearchAction","target":{"@type":"EntryPoint","urlTemplate":"https:\/\/www-bromic-fr.bromicpimstg.sites.hosting.454.agency\/fr\/?s={search_term_string}"},"query-input":{"@type":"PropertyValueSpecification","valueRequired":true,"valueName":"search_term_string"}}],"inLanguage":"fr-FR"},{"@type":"Organization","@id":"https:\/\/www-bromic-fr.bromicpimstg.sites.hosting.454.agency\/fr\/#organization","name":"Bromic Heating France","url":"https:\/\/www-bromic-fr.bromicpimstg.sites.hosting.454.agency\/fr\/","logo":{"@type":"ImageObject","inLanguage":"fr-FR","@id":"https:\/\/www-bromic-fr.bromicpimstg.sites.hosting.454.agency\/fr\/#\/schema\/logo\/image\/","url":"https:\/\/www-bromic-fr.bromicpimstg.sites.hosting.454.agency\/wp-content\/uploads\/sites\/11\/2021\/09\/bromic-logo.png","contentUrl":"https:\/\/www-bromic-fr.bromicpimstg.sites.hosting.454.agency\/wp-content\/uploads\/sites\/11\/2021\/09\/bromic-logo.png","width":1000,"height":342,"caption":"Bromic Heating France"},"image":{"@id":"https:\/\/www-bromic-fr.bromicpimstg.sites.hosting.454.agency\/fr\/#\/schema\/logo\/image\/"}}]}},"_links":{"self":[{"href":"https:\/\/www-bromic-fr.bromicpimstg.sites.hosting.454.agency\/fr\/wp-json\/wp\/v2\/pages\/7660","targetHints":{"allow":["GET"]}}],"collection":[{"href":"https:\/\/www-bromic-fr.bromicpimstg.sites.hosting.454.agency\/fr\/wp-json\/wp\/v2\/pages"}],"about":[{"href":"https:\/\/www-bromic-fr.bromicpimstg.sites.hosting.454.agency\/fr\/wp-json\/wp\/v2\/types\/page"}],"author":[{"embeddable":true,"href":"https:\/\/www-bromic-fr.bromicpimstg.sites.hosting.454.agency\/fr\/wp-json\/wp\/v2\/users\/8"}],"replies":[{"embeddable":true,"href":"https:\/\/www-bromic-fr.bromicpimstg.sites.hosting.454.agency\/fr\/wp-json\/wp\/v2\/comments?post=7660"}],"version-history":[{"count":0,"href":"https:\/\/www-bromic-fr.bromicpimstg.sites.hosting.454.agency\/fr\/wp-json\/wp\/v2\/pages\/7660\/revisions"}],"wp:featuredmedia":[{"embeddable":true,"href":"https:\/\/www-bromic-fr.bromicpimstg.sites.hosting.454.agency\/fr\/wp-json\/wp\/v2\/media\/29434"}],"wp:attachment":[{"href":"https:\/\/www-bromic-fr.bromicpimstg.sites.hosting.454.agency\/fr\/wp-json\/wp\/v2\/media?parent=7660"}],"curies":[{"name":"wp","href":"https:\/\/api.w.org\/{rel}","templated":true}]}}