{"id":41938,"date":"2021-08-20T01:14:03","date_gmt":"2021-08-20T08:14:03","guid":{"rendered":"https:\/\/www-bromic-fr.bromicpimstg.sites.hosting.454.agency\/product\/poteaux-de-montage-pour-platinum-electric\/"},"modified":"2025-06-27T13:32:08","modified_gmt":"2025-06-27T20:32:08","slug":"poteaux-de-montage-pour-platinum-electric","status":"publish","type":"product","link":"https:\/\/www-bromic-fr.bromicpimstg.sites.hosting.454.agency\/fr\/produit\/poteaux-de-montage-pour-platinum-electric\/","title":{"rendered":"Poteaux de montage pour Platinum Electric"},"content":{"rendered":"<p>Nos poteaux de montage pour Platinum Electric garantissent que votre radiateur \u00e9lectrique Platinum Electric sera suspendu \u00e0 la bonne hauteur (entre 2,4 et 3,5 m), afin qu\u2019il fournisse la quantit\u00e9 optimale de chaleur. Disponibles en deux tailles (60 cm et 120 cm), ces poteaux peuvent \u00eatre command\u00e9s en plus du poteau de 20 cm qui est fourni gratuitement avec chaque radiateur \u00e9lectrique Platinum Electric.<\/p>\n","protected":false},"excerpt":{"rendered":"<p>Nos poteaux de montage pour Platinum Electric garantissent que votre radiateur \u00e9lectrique Platinum Electric sera suspendu \u00e0 la bonne hauteur (entre 2,4 et 3,5 m), afin qu\u2019il fournisse la quantit\u00e9 optimale de chaleur. Disponibles en deux tailles (60 cm et 120 cm), ces poteaux peuvent \u00eatre command\u00e9s en plus du poteau de 20 cm qui [&hellip;]<\/p>\n","protected":false},"featured_media":43196,"comment_status":"closed","ping_status":"closed","template":"","meta":{"_acf_changed":false},"product_brand":[],"product_cat":[15,405],"product_tag":[],"class_list":{"0":"post-41938","1":"product","2":"type-product","3":"status-publish","4":"has-post-thumbnail","6":"product-collection-marine-fr","7":"product-collection-platinum-fr","8":"product-install-type-monte-au-plafond-fr","9":"product-fuel-type-electrique-fr","10":"product_cat-chauffage-fr","11":"product_cat-accessoires-fr","13":"first","14":"instock","15":"shipping-taxable","16":"product-type-variable"},"acf":[],"yoast_head":"<!-- This site is optimized with the Yoast SEO plugin v26.1.1 - https:\/\/yoast.com\/wordpress\/plugins\/seo\/ -->\n<title>Poteaux de montage pour Platinum Electric - Bromic Heating France<\/title>\n<meta name=\"description\" content=\"Nos poteaux de montage pour Platinum Electric garantissent que votre radiateur \u00e9lectrique Platinum Electric sera suspendu \u00e0 la bonne hauteur (entre 2,4 et\" \/>\n<meta name=\"robots\" content=\"index, follow, max-snippet:-1, max-image-preview:large, max-video-preview:-1\" \/>\n<link rel=\"canonical\" href=\"https:\/\/www-bromic-fr.bromicpimstg.sites.hosting.454.agency\/fr\/produit\/poteaux-de-montage-pour-platinum-electric\/\" \/>\n<meta property=\"og:locale\" content=\"fr_FR\" \/>\n<meta property=\"og:type\" content=\"article\" \/>\n<meta property=\"og:title\" content=\"Poteaux de montage pour Platinum Electric - Bromic Heating France\" \/>\n<meta property=\"og:description\" content=\"Nos poteaux de montage pour Platinum Electric garantissent que votre radiateur \u00e9lectrique Platinum Electric sera suspendu \u00e0 la bonne hauteur (entre 2,4 et\" \/>\n<meta property=\"og:url\" content=\"https:\/\/www-bromic-fr.bromicpimstg.sites.hosting.454.agency\/fr\/produit\/poteaux-de-montage-pour-platinum-electric\/\" \/>\n<meta property=\"og:site_name\" content=\"Bromic Heating France\" \/>\n<meta property=\"article:modified_time\" content=\"2025-06-27T20:32:08+00:00\" \/>\n<meta property=\"og:image\" content=\"https:\/\/www-bromic-fr.bromicpimstg.sites.hosting.454.agency\/wp-content\/uploads\/sites\/11\/2025\/06\/Platinum-Electric-600mm-Pole.png\" \/>\n\t<meta property=\"og:image:width\" content=\"3375\" \/>\n\t<meta property=\"og:image:height\" content=\"3375\" \/>\n\t<meta property=\"og:image:type\" content=\"image\/png\" \/>\n<meta name=\"twitter:card\" content=\"summary_large_image\" \/>\n<meta name=\"twitter:label1\" content=\"Dur\u00e9e de lecture estim\u00e9e\" \/>\n\t<meta name=\"twitter:data1\" content=\"1 minute\" \/>\n<script type=\"application\/ld+json\" class=\"yoast-schema-graph\">{\"@context\":\"https:\/\/schema.org\",\"@graph\":[{\"@type\":\"WebPage\",\"@id\":\"https:\/\/www-bromic-fr.bromicpimstg.sites.hosting.454.agency\/fr\/produit\/poteaux-de-montage-pour-platinum-electric\/\",\"url\":\"https:\/\/www-bromic-fr.bromicpimstg.sites.hosting.454.agency\/fr\/produit\/poteaux-de-montage-pour-platinum-electric\/\",\"name\":\"Poteaux de montage pour Platinum Electric - Bromic Heating France\",\"isPartOf\":{\"@id\":\"https:\/\/www-bromic-fr.bromicpimstg.sites.hosting.454.agency\/fr\/#website\"},\"primaryImageOfPage\":{\"@id\":\"https:\/\/www-bromic-fr.bromicpimstg.sites.hosting.454.agency\/fr\/produit\/poteaux-de-montage-pour-platinum-electric\/#primaryimage\"},\"image\":{\"@id\":\"https:\/\/www-bromic-fr.bromicpimstg.sites.hosting.454.agency\/fr\/produit\/poteaux-de-montage-pour-platinum-electric\/#primaryimage\"},\"thumbnailUrl\":\"https:\/\/www-bromic-fr.bromicpimstg.sites.hosting.454.agency\/wp-content\/uploads\/sites\/11\/2025\/06\/Platinum-Electric-600mm-Pole.png\",\"datePublished\":\"2021-08-20T08:14:03+00:00\",\"dateModified\":\"2025-06-27T20:32:08+00:00\",\"description\":\"Nos poteaux de montage pour Platinum Electric garantissent que votre radiateur \u00e9lectrique Platinum Electric sera suspendu \u00e0 la bonne hauteur (entre 2,4 et\",\"breadcrumb\":{\"@id\":\"https:\/\/www-bromic-fr.bromicpimstg.sites.hosting.454.agency\/fr\/produit\/poteaux-de-montage-pour-platinum-electric\/#breadcrumb\"},\"inLanguage\":\"fr-FR\",\"potentialAction\":[{\"@type\":\"ReadAction\",\"target\":[\"https:\/\/www-bromic-fr.bromicpimstg.sites.hosting.454.agency\/fr\/produit\/poteaux-de-montage-pour-platinum-electric\/\"]}]},{\"@type\":\"ImageObject\",\"inLanguage\":\"fr-FR\",\"@id\":\"https:\/\/www-bromic-fr.bromicpimstg.sites.hosting.454.agency\/fr\/produit\/poteaux-de-montage-pour-platinum-electric\/#primaryimage\",\"url\":\"https:\/\/www-bromic-fr.bromicpimstg.sites.hosting.454.agency\/wp-content\/uploads\/sites\/11\/2025\/06\/Platinum-Electric-600mm-Pole.png\",\"contentUrl\":\"https:\/\/www-bromic-fr.bromicpimstg.sites.hosting.454.agency\/wp-content\/uploads\/sites\/11\/2025\/06\/Platinum-Electric-600mm-Pole.png\",\"width\":3375,\"height\":3375},{\"@type\":\"BreadcrumbList\",\"@id\":\"https:\/\/www-bromic-fr.bromicpimstg.sites.hosting.454.agency\/fr\/produit\/poteaux-de-montage-pour-platinum-electric\/#breadcrumb\",\"itemListElement\":[{\"@type\":\"ListItem\",\"position\":1,\"name\":\"Produits\",\"item\":\"https:\/\/www-bromic-fr.bromicpimstg.sites.hosting.454.agency\/fr\/boutique\/\"},{\"@type\":\"ListItem\",\"position\":2,\"name\":\"Poteaux de montage pour Platinum Electric\"}]},{\"@type\":\"WebSite\",\"@id\":\"https:\/\/www-bromic-fr.bromicpimstg.sites.hosting.454.agency\/fr\/#website\",\"url\":\"https:\/\/www-bromic-fr.bromicpimstg.sites.hosting.454.agency\/fr\/\",\"name\":\"Bromic Heating France\",\"description\":\"\",\"publisher\":{\"@id\":\"https:\/\/www-bromic-fr.bromicpimstg.sites.hosting.454.agency\/fr\/#organization\"},\"potentialAction\":[{\"@type\":\"SearchAction\",\"target\":{\"@type\":\"EntryPoint\",\"urlTemplate\":\"https:\/\/www-bromic-fr.bromicpimstg.sites.hosting.454.agency\/fr\/?s={search_term_string}\"},\"query-input\":{\"@type\":\"PropertyValueSpecification\",\"valueRequired\":true,\"valueName\":\"search_term_string\"}}],\"inLanguage\":\"fr-FR\"},{\"@type\":\"Organization\",\"@id\":\"https:\/\/www-bromic-fr.bromicpimstg.sites.hosting.454.agency\/fr\/#organization\",\"name\":\"Bromic Heating France\",\"url\":\"https:\/\/www-bromic-fr.bromicpimstg.sites.hosting.454.agency\/fr\/\",\"logo\":{\"@type\":\"ImageObject\",\"inLanguage\":\"fr-FR\",\"@id\":\"https:\/\/www-bromic-fr.bromicpimstg.sites.hosting.454.agency\/fr\/#\/schema\/logo\/image\/\",\"url\":\"https:\/\/www-bromic-fr.bromicpimstg.sites.hosting.454.agency\/wp-content\/uploads\/sites\/11\/2021\/09\/bromic-logo.png\",\"contentUrl\":\"https:\/\/www-bromic-fr.bromicpimstg.sites.hosting.454.agency\/wp-content\/uploads\/sites\/11\/2021\/09\/bromic-logo.png\",\"width\":1000,\"height\":342,\"caption\":\"Bromic Heating France\"},\"image\":{\"@id\":\"https:\/\/www-bromic-fr.bromicpimstg.sites.hosting.454.agency\/fr\/#\/schema\/logo\/image\/\"}}]}<\/script>\n<!-- \/ Yoast SEO plugin. -->","yoast_head_json":{"title":"Poteaux de montage pour Platinum Electric - Bromic Heating France","description":"Nos poteaux de montage pour Platinum Electric garantissent que votre radiateur \u00e9lectrique Platinum Electric sera suspendu \u00e0 la bonne hauteur (entre 2,4 et","robots":{"index":"index","follow":"follow","max-snippet":"max-snippet:-1","max-image-preview":"max-image-preview:large","max-video-preview":"max-video-preview:-1"},"canonical":"https:\/\/www-bromic-fr.bromicpimstg.sites.hosting.454.agency\/fr\/produit\/poteaux-de-montage-pour-platinum-electric\/","og_locale":"fr_FR","og_type":"article","og_title":"Poteaux de montage pour Platinum Electric - Bromic Heating France","og_description":"Nos poteaux de montage pour Platinum Electric garantissent que votre radiateur \u00e9lectrique Platinum Electric sera suspendu \u00e0 la bonne hauteur (entre 2,4 et","og_url":"https:\/\/www-bromic-fr.bromicpimstg.sites.hosting.454.agency\/fr\/produit\/poteaux-de-montage-pour-platinum-electric\/","og_site_name":"Bromic Heating France","article_modified_time":"2025-06-27T20:32:08+00:00","og_image":[{"width":3375,"height":3375,"url":"https:\/\/www-bromic-fr.bromicpimstg.sites.hosting.454.agency\/wp-content\/uploads\/sites\/11\/2025\/06\/Platinum-Electric-600mm-Pole.png","type":"image\/png"}],"twitter_card":"summary_large_image","twitter_misc":{"Dur\u00e9e de lecture estim\u00e9e":"1 minute"},"schema":{"@context":"https:\/\/schema.org","@graph":[{"@type":"WebPage","@id":"https:\/\/www-bromic-fr.bromicpimstg.sites.hosting.454.agency\/fr\/produit\/poteaux-de-montage-pour-platinum-electric\/","url":"https:\/\/www-bromic-fr.bromicpimstg.sites.hosting.454.agency\/fr\/produit\/poteaux-de-montage-pour-platinum-electric\/","name":"Poteaux de montage pour Platinum Electric - Bromic Heating France","isPartOf":{"@id":"https:\/\/www-bromic-fr.bromicpimstg.sites.hosting.454.agency\/fr\/#website"},"primaryImageOfPage":{"@id":"https:\/\/www-bromic-fr.bromicpimstg.sites.hosting.454.agency\/fr\/produit\/poteaux-de-montage-pour-platinum-electric\/#primaryimage"},"image":{"@id":"https:\/\/www-bromic-fr.bromicpimstg.sites.hosting.454.agency\/fr\/produit\/poteaux-de-montage-pour-platinum-electric\/#primaryimage"},"thumbnailUrl":"https:\/\/www-bromic-fr.bromicpimstg.sites.hosting.454.agency\/wp-content\/uploads\/sites\/11\/2025\/06\/Platinum-Electric-600mm-Pole.png","datePublished":"2021-08-20T08:14:03+00:00","dateModified":"2025-06-27T20:32:08+00:00","description":"Nos poteaux de montage pour Platinum Electric garantissent que votre radiateur \u00e9lectrique Platinum Electric sera suspendu \u00e0 la bonne hauteur (entre 2,4 et","breadcrumb":{"@id":"https:\/\/www-bromic-fr.bromicpimstg.sites.hosting.454.agency\/fr\/produit\/poteaux-de-montage-pour-platinum-electric\/#breadcrumb"},"inLanguage":"fr-FR","potentialAction":[{"@type":"ReadAction","target":["https:\/\/www-bromic-fr.bromicpimstg.sites.hosting.454.agency\/fr\/produit\/poteaux-de-montage-pour-platinum-electric\/"]}]},{"@type":"ImageObject","inLanguage":"fr-FR","@id":"https:\/\/www-bromic-fr.bromicpimstg.sites.hosting.454.agency\/fr\/produit\/poteaux-de-montage-pour-platinum-electric\/#primaryimage","url":"https:\/\/www-bromic-fr.bromicpimstg.sites.hosting.454.agency\/wp-content\/uploads\/sites\/11\/2025\/06\/Platinum-Electric-600mm-Pole.png","contentUrl":"https:\/\/www-bromic-fr.bromicpimstg.sites.hosting.454.agency\/wp-content\/uploads\/sites\/11\/2025\/06\/Platinum-Electric-600mm-Pole.png","width":3375,"height":3375},{"@type":"BreadcrumbList","@id":"https:\/\/www-bromic-fr.bromicpimstg.sites.hosting.454.agency\/fr\/produit\/poteaux-de-montage-pour-platinum-electric\/#breadcrumb","itemListElement":[{"@type":"ListItem","position":1,"name":"Produits","item":"https:\/\/www-bromic-fr.bromicpimstg.sites.hosting.454.agency\/fr\/boutique\/"},{"@type":"ListItem","position":2,"name":"Poteaux de montage pour Platinum Electric"}]},{"@type":"WebSite","@id":"https:\/\/www-bromic-fr.bromicpimstg.sites.hosting.454.agency\/fr\/#website","url":"https:\/\/www-bromic-fr.bromicpimstg.sites.hosting.454.agency\/fr\/","name":"Bromic Heating France","description":"","publisher":{"@id":"https:\/\/www-bromic-fr.bromicpimstg.sites.hosting.454.agency\/fr\/#organization"},"potentialAction":[{"@type":"SearchAction","target":{"@type":"EntryPoint","urlTemplate":"https:\/\/www-bromic-fr.bromicpimstg.sites.hosting.454.agency\/fr\/?s={search_term_string}"},"query-input":{"@type":"PropertyValueSpecification","valueRequired":true,"valueName":"search_term_string"}}],"inLanguage":"fr-FR"},{"@type":"Organization","@id":"https:\/\/www-bromic-fr.bromicpimstg.sites.hosting.454.agency\/fr\/#organization","name":"Bromic Heating France","url":"https:\/\/www-bromic-fr.bromicpimstg.sites.hosting.454.agency\/fr\/","logo":{"@type":"ImageObject","inLanguage":"fr-FR","@id":"https:\/\/www-bromic-fr.bromicpimstg.sites.hosting.454.agency\/fr\/#\/schema\/logo\/image\/","url":"https:\/\/www-bromic-fr.bromicpimstg.sites.hosting.454.agency\/wp-content\/uploads\/sites\/11\/2021\/09\/bromic-logo.png","contentUrl":"https:\/\/www-bromic-fr.bromicpimstg.sites.hosting.454.agency\/wp-content\/uploads\/sites\/11\/2021\/09\/bromic-logo.png","width":1000,"height":342,"caption":"Bromic Heating France"},"image":{"@id":"https:\/\/www-bromic-fr.bromicpimstg.sites.hosting.454.agency\/fr\/#\/schema\/logo\/image\/"}}]}},"_links":{"self":[{"href":"https:\/\/www-bromic-fr.bromicpimstg.sites.hosting.454.agency\/fr\/wp-json\/wp\/v2\/product\/41938","targetHints":{"allow":["GET"]}}],"collection":[{"href":"https:\/\/www-bromic-fr.bromicpimstg.sites.hosting.454.agency\/fr\/wp-json\/wp\/v2\/product"}],"about":[{"href":"https:\/\/www-bromic-fr.bromicpimstg.sites.hosting.454.agency\/fr\/wp-json\/wp\/v2\/types\/product"}],"replies":[{"embeddable":true,"href":"https:\/\/www-bromic-fr.bromicpimstg.sites.hosting.454.agency\/fr\/wp-json\/wp\/v2\/comments?post=41938"}],"wp:featuredmedia":[{"embeddable":true,"href":"https:\/\/www-bromic-fr.bromicpimstg.sites.hosting.454.agency\/fr\/wp-json\/wp\/v2\/media\/43196"}],"wp:attachment":[{"href":"https:\/\/www-bromic-fr.bromicpimstg.sites.hosting.454.agency\/fr\/wp-json\/wp\/v2\/media?parent=41938"}],"wp:term":[{"taxonomy":"product_brand","embeddable":true,"href":"https:\/\/www-bromic-fr.bromicpimstg.sites.hosting.454.agency\/fr\/wp-json\/wp\/v2\/product_brand?post=41938"},{"taxonomy":"product_cat","embeddable":true,"href":"https:\/\/www-bromic-fr.bromicpimstg.sites.hosting.454.agency\/fr\/wp-json\/wp\/v2\/product_cat?post=41938"},{"taxonomy":"product_tag","embeddable":true,"href":"https:\/\/www-bromic-fr.bromicpimstg.sites.hosting.454.agency\/fr\/wp-json\/wp\/v2\/product_tag?post=41938"}],"curies":[{"name":"wp","href":"https:\/\/api.w.org\/{rel}","templated":true}]}}