{"id":41961,"date":"2021-08-19T04:11:42","date_gmt":"2021-08-19T11:11:42","guid":{"rendered":"https:\/\/www-bromic-fr.bromicpimstg.sites.hosting.454.agency\/product\/poteau-droit-eclipse-de-20-cm\/"},"modified":"2025-06-27T12:55:39","modified_gmt":"2025-06-27T19:55:39","slug":"poteau-droit-eclipse-de-20-cm","status":"publish","type":"product","link":"https:\/\/www-bromic-fr.bromicpimstg.sites.hosting.454.agency\/fr\/produit\/poteau-droit-eclipse-de-20-cm\/","title":{"rendered":"Poteau droit Eclipse de 20 cm"},"content":{"rendered":"<p>Le poteau Eclipse de 20 cm permet le montage de votre radiateur Eclipse aussi pr\u00e8s que possible du plafond, tout en respectant les exigences de d\u00e9gagement minimum et en offrant une couverture thermique et lumineuse optimale. Avec sa finition noir mat signature, le poteau Eclipse de 20 cm permet d&rsquo;\u00e9clairer, de r\u00e9chauffer et d&rsquo;apporter une touche raffinement \u00e0 tout espace ext\u00e9rieur.<\/p>\n","protected":false},"excerpt":{"rendered":"<p>Le poteau Eclipse de 20 cm permet le montage de votre radiateur Eclipse aussi pr\u00e8s que possible du plafond, tout en respectant les exigences de d\u00e9gagement minimum et en offrant une couverture thermique et lumineuse optimale. Avec sa finition noir mat signature, le poteau Eclipse de 20 cm permet d&rsquo;\u00e9clairer, de r\u00e9chauffer et d&rsquo;apporter une [&hellip;]<\/p>\n","protected":false},"featured_media":43229,"comment_status":"closed","ping_status":"closed","template":"","meta":{"_acf_changed":false},"product_brand":[],"product_cat":[15,405],"product_tag":[],"class_list":{"0":"post-41961","1":"product","2":"type-product","3":"status-publish","4":"has-post-thumbnail","6":"product-collection-eclipse-fr","7":"product-install-type-monte-au-plafond-fr","8":"product-fuel-type-electrique-fr","9":"product-color-acier-inoxydable-fr","10":"product-color-blanc-fr","11":"product-color-noir-fr","12":"product_cat-chauffage-fr","13":"product_cat-accessoires-fr","15":"first","16":"instock","17":"shipping-taxable","18":"product-type-simple"},"acf":[],"yoast_head":"<!-- This site is optimized with the Yoast SEO plugin v26.1.1 - https:\/\/yoast.com\/wordpress\/plugins\/seo\/ -->\n<title>Poteau droit Eclipse de 20 cm - Bromic Heating France<\/title>\n<meta name=\"description\" content=\"Le poteau Eclipse de 20 cm permet le montage de votre radiateur Eclipse aussi pr\u00e8s que possible du plafond, tout en respectant les exigences de d\u00e9gagement\" \/>\n<meta name=\"robots\" content=\"index, follow, max-snippet:-1, max-image-preview:large, max-video-preview:-1\" \/>\n<link rel=\"canonical\" href=\"https:\/\/www-bromic-fr.bromicpimstg.sites.hosting.454.agency\/fr\/produit\/poteau-droit-eclipse-de-20-cm\/\" \/>\n<meta property=\"og:locale\" content=\"fr_FR\" \/>\n<meta property=\"og:type\" content=\"article\" \/>\n<meta property=\"og:title\" content=\"Poteau droit Eclipse de 20 cm - Bromic Heating France\" \/>\n<meta property=\"og:description\" content=\"Le poteau Eclipse de 20 cm permet le montage de votre radiateur Eclipse aussi pr\u00e8s que possible du plafond, tout en respectant les exigences de d\u00e9gagement\" \/>\n<meta property=\"og:url\" content=\"https:\/\/www-bromic-fr.bromicpimstg.sites.hosting.454.agency\/fr\/produit\/poteau-droit-eclipse-de-20-cm\/\" \/>\n<meta property=\"og:site_name\" content=\"Bromic Heating France\" \/>\n<meta property=\"article:modified_time\" content=\"2025-06-27T19:55:39+00:00\" \/>\n<meta property=\"og:image\" content=\"https:\/\/www-bromic-fr.bromicpimstg.sites.hosting.454.agency\/wp-content\/uploads\/sites\/11\/2025\/06\/Eclipse-Straight-Mount-1-1024x1024-1.png\" \/>\n\t<meta property=\"og:image:width\" content=\"1024\" \/>\n\t<meta property=\"og:image:height\" content=\"1024\" \/>\n\t<meta property=\"og:image:type\" content=\"image\/png\" \/>\n<meta name=\"twitter:card\" content=\"summary_large_image\" \/>\n<meta name=\"twitter:label1\" content=\"Dur\u00e9e de lecture estim\u00e9e\" \/>\n\t<meta name=\"twitter:data1\" content=\"1 minute\" \/>\n<script type=\"application\/ld+json\" class=\"yoast-schema-graph\">{\"@context\":\"https:\/\/schema.org\",\"@graph\":[{\"@type\":\"WebPage\",\"@id\":\"https:\/\/www-bromic-fr.bromicpimstg.sites.hosting.454.agency\/fr\/produit\/poteau-droit-eclipse-de-20-cm\/\",\"url\":\"https:\/\/www-bromic-fr.bromicpimstg.sites.hosting.454.agency\/fr\/produit\/poteau-droit-eclipse-de-20-cm\/\",\"name\":\"Poteau droit Eclipse de 20 cm - Bromic Heating France\",\"isPartOf\":{\"@id\":\"https:\/\/www-bromic-fr.bromicpimstg.sites.hosting.454.agency\/fr\/#website\"},\"primaryImageOfPage\":{\"@id\":\"https:\/\/www-bromic-fr.bromicpimstg.sites.hosting.454.agency\/fr\/produit\/poteau-droit-eclipse-de-20-cm\/#primaryimage\"},\"image\":{\"@id\":\"https:\/\/www-bromic-fr.bromicpimstg.sites.hosting.454.agency\/fr\/produit\/poteau-droit-eclipse-de-20-cm\/#primaryimage\"},\"thumbnailUrl\":\"https:\/\/www-bromic-fr.bromicpimstg.sites.hosting.454.agency\/wp-content\/uploads\/sites\/11\/2025\/06\/Eclipse-Straight-Mount-1-1024x1024-1.png\",\"datePublished\":\"2021-08-19T11:11:42+00:00\",\"dateModified\":\"2025-06-27T19:55:39+00:00\",\"description\":\"Le poteau Eclipse de 20 cm permet le montage de votre radiateur Eclipse aussi pr\u00e8s que possible du plafond, tout en respectant les exigences de d\u00e9gagement\",\"breadcrumb\":{\"@id\":\"https:\/\/www-bromic-fr.bromicpimstg.sites.hosting.454.agency\/fr\/produit\/poteau-droit-eclipse-de-20-cm\/#breadcrumb\"},\"inLanguage\":\"fr-FR\",\"potentialAction\":[{\"@type\":\"ReadAction\",\"target\":[\"https:\/\/www-bromic-fr.bromicpimstg.sites.hosting.454.agency\/fr\/produit\/poteau-droit-eclipse-de-20-cm\/\"]}]},{\"@type\":\"ImageObject\",\"inLanguage\":\"fr-FR\",\"@id\":\"https:\/\/www-bromic-fr.bromicpimstg.sites.hosting.454.agency\/fr\/produit\/poteau-droit-eclipse-de-20-cm\/#primaryimage\",\"url\":\"https:\/\/www-bromic-fr.bromicpimstg.sites.hosting.454.agency\/wp-content\/uploads\/sites\/11\/2025\/06\/Eclipse-Straight-Mount-1-1024x1024-1.png\",\"contentUrl\":\"https:\/\/www-bromic-fr.bromicpimstg.sites.hosting.454.agency\/wp-content\/uploads\/sites\/11\/2025\/06\/Eclipse-Straight-Mount-1-1024x1024-1.png\",\"width\":1024,\"height\":1024},{\"@type\":\"BreadcrumbList\",\"@id\":\"https:\/\/www-bromic-fr.bromicpimstg.sites.hosting.454.agency\/fr\/produit\/poteau-droit-eclipse-de-20-cm\/#breadcrumb\",\"itemListElement\":[{\"@type\":\"ListItem\",\"position\":1,\"name\":\"Produits\",\"item\":\"https:\/\/www-bromic-fr.bromicpimstg.sites.hosting.454.agency\/fr\/boutique\/\"},{\"@type\":\"ListItem\",\"position\":2,\"name\":\"Poteau droit Eclipse de 20 cm\"}]},{\"@type\":\"WebSite\",\"@id\":\"https:\/\/www-bromic-fr.bromicpimstg.sites.hosting.454.agency\/fr\/#website\",\"url\":\"https:\/\/www-bromic-fr.bromicpimstg.sites.hosting.454.agency\/fr\/\",\"name\":\"Bromic Heating France\",\"description\":\"\",\"publisher\":{\"@id\":\"https:\/\/www-bromic-fr.bromicpimstg.sites.hosting.454.agency\/fr\/#organization\"},\"potentialAction\":[{\"@type\":\"SearchAction\",\"target\":{\"@type\":\"EntryPoint\",\"urlTemplate\":\"https:\/\/www-bromic-fr.bromicpimstg.sites.hosting.454.agency\/fr\/?s={search_term_string}\"},\"query-input\":{\"@type\":\"PropertyValueSpecification\",\"valueRequired\":true,\"valueName\":\"search_term_string\"}}],\"inLanguage\":\"fr-FR\"},{\"@type\":\"Organization\",\"@id\":\"https:\/\/www-bromic-fr.bromicpimstg.sites.hosting.454.agency\/fr\/#organization\",\"name\":\"Bromic Heating France\",\"url\":\"https:\/\/www-bromic-fr.bromicpimstg.sites.hosting.454.agency\/fr\/\",\"logo\":{\"@type\":\"ImageObject\",\"inLanguage\":\"fr-FR\",\"@id\":\"https:\/\/www-bromic-fr.bromicpimstg.sites.hosting.454.agency\/fr\/#\/schema\/logo\/image\/\",\"url\":\"https:\/\/www-bromic-fr.bromicpimstg.sites.hosting.454.agency\/wp-content\/uploads\/sites\/11\/2021\/09\/bromic-logo.png\",\"contentUrl\":\"https:\/\/www-bromic-fr.bromicpimstg.sites.hosting.454.agency\/wp-content\/uploads\/sites\/11\/2021\/09\/bromic-logo.png\",\"width\":1000,\"height\":342,\"caption\":\"Bromic Heating France\"},\"image\":{\"@id\":\"https:\/\/www-bromic-fr.bromicpimstg.sites.hosting.454.agency\/fr\/#\/schema\/logo\/image\/\"}}]}<\/script>\n<!-- \/ Yoast SEO plugin. -->","yoast_head_json":{"title":"Poteau droit Eclipse de 20 cm - Bromic Heating France","description":"Le poteau Eclipse de 20 cm permet le montage de votre radiateur Eclipse aussi pr\u00e8s que possible du plafond, tout en respectant les exigences de d\u00e9gagement","robots":{"index":"index","follow":"follow","max-snippet":"max-snippet:-1","max-image-preview":"max-image-preview:large","max-video-preview":"max-video-preview:-1"},"canonical":"https:\/\/www-bromic-fr.bromicpimstg.sites.hosting.454.agency\/fr\/produit\/poteau-droit-eclipse-de-20-cm\/","og_locale":"fr_FR","og_type":"article","og_title":"Poteau droit Eclipse de 20 cm - Bromic Heating France","og_description":"Le poteau Eclipse de 20 cm permet le montage de votre radiateur Eclipse aussi pr\u00e8s que possible du plafond, tout en respectant les exigences de d\u00e9gagement","og_url":"https:\/\/www-bromic-fr.bromicpimstg.sites.hosting.454.agency\/fr\/produit\/poteau-droit-eclipse-de-20-cm\/","og_site_name":"Bromic Heating France","article_modified_time":"2025-06-27T19:55:39+00:00","og_image":[{"width":1024,"height":1024,"url":"https:\/\/www-bromic-fr.bromicpimstg.sites.hosting.454.agency\/wp-content\/uploads\/sites\/11\/2025\/06\/Eclipse-Straight-Mount-1-1024x1024-1.png","type":"image\/png"}],"twitter_card":"summary_large_image","twitter_misc":{"Dur\u00e9e de lecture estim\u00e9e":"1 minute"},"schema":{"@context":"https:\/\/schema.org","@graph":[{"@type":"WebPage","@id":"https:\/\/www-bromic-fr.bromicpimstg.sites.hosting.454.agency\/fr\/produit\/poteau-droit-eclipse-de-20-cm\/","url":"https:\/\/www-bromic-fr.bromicpimstg.sites.hosting.454.agency\/fr\/produit\/poteau-droit-eclipse-de-20-cm\/","name":"Poteau droit Eclipse de 20 cm - Bromic Heating France","isPartOf":{"@id":"https:\/\/www-bromic-fr.bromicpimstg.sites.hosting.454.agency\/fr\/#website"},"primaryImageOfPage":{"@id":"https:\/\/www-bromic-fr.bromicpimstg.sites.hosting.454.agency\/fr\/produit\/poteau-droit-eclipse-de-20-cm\/#primaryimage"},"image":{"@id":"https:\/\/www-bromic-fr.bromicpimstg.sites.hosting.454.agency\/fr\/produit\/poteau-droit-eclipse-de-20-cm\/#primaryimage"},"thumbnailUrl":"https:\/\/www-bromic-fr.bromicpimstg.sites.hosting.454.agency\/wp-content\/uploads\/sites\/11\/2025\/06\/Eclipse-Straight-Mount-1-1024x1024-1.png","datePublished":"2021-08-19T11:11:42+00:00","dateModified":"2025-06-27T19:55:39+00:00","description":"Le poteau Eclipse de 20 cm permet le montage de votre radiateur Eclipse aussi pr\u00e8s que possible du plafond, tout en respectant les exigences de d\u00e9gagement","breadcrumb":{"@id":"https:\/\/www-bromic-fr.bromicpimstg.sites.hosting.454.agency\/fr\/produit\/poteau-droit-eclipse-de-20-cm\/#breadcrumb"},"inLanguage":"fr-FR","potentialAction":[{"@type":"ReadAction","target":["https:\/\/www-bromic-fr.bromicpimstg.sites.hosting.454.agency\/fr\/produit\/poteau-droit-eclipse-de-20-cm\/"]}]},{"@type":"ImageObject","inLanguage":"fr-FR","@id":"https:\/\/www-bromic-fr.bromicpimstg.sites.hosting.454.agency\/fr\/produit\/poteau-droit-eclipse-de-20-cm\/#primaryimage","url":"https:\/\/www-bromic-fr.bromicpimstg.sites.hosting.454.agency\/wp-content\/uploads\/sites\/11\/2025\/06\/Eclipse-Straight-Mount-1-1024x1024-1.png","contentUrl":"https:\/\/www-bromic-fr.bromicpimstg.sites.hosting.454.agency\/wp-content\/uploads\/sites\/11\/2025\/06\/Eclipse-Straight-Mount-1-1024x1024-1.png","width":1024,"height":1024},{"@type":"BreadcrumbList","@id":"https:\/\/www-bromic-fr.bromicpimstg.sites.hosting.454.agency\/fr\/produit\/poteau-droit-eclipse-de-20-cm\/#breadcrumb","itemListElement":[{"@type":"ListItem","position":1,"name":"Produits","item":"https:\/\/www-bromic-fr.bromicpimstg.sites.hosting.454.agency\/fr\/boutique\/"},{"@type":"ListItem","position":2,"name":"Poteau droit Eclipse de 20 cm"}]},{"@type":"WebSite","@id":"https:\/\/www-bromic-fr.bromicpimstg.sites.hosting.454.agency\/fr\/#website","url":"https:\/\/www-bromic-fr.bromicpimstg.sites.hosting.454.agency\/fr\/","name":"Bromic Heating France","description":"","publisher":{"@id":"https:\/\/www-bromic-fr.bromicpimstg.sites.hosting.454.agency\/fr\/#organization"},"potentialAction":[{"@type":"SearchAction","target":{"@type":"EntryPoint","urlTemplate":"https:\/\/www-bromic-fr.bromicpimstg.sites.hosting.454.agency\/fr\/?s={search_term_string}"},"query-input":{"@type":"PropertyValueSpecification","valueRequired":true,"valueName":"search_term_string"}}],"inLanguage":"fr-FR"},{"@type":"Organization","@id":"https:\/\/www-bromic-fr.bromicpimstg.sites.hosting.454.agency\/fr\/#organization","name":"Bromic Heating France","url":"https:\/\/www-bromic-fr.bromicpimstg.sites.hosting.454.agency\/fr\/","logo":{"@type":"ImageObject","inLanguage":"fr-FR","@id":"https:\/\/www-bromic-fr.bromicpimstg.sites.hosting.454.agency\/fr\/#\/schema\/logo\/image\/","url":"https:\/\/www-bromic-fr.bromicpimstg.sites.hosting.454.agency\/wp-content\/uploads\/sites\/11\/2021\/09\/bromic-logo.png","contentUrl":"https:\/\/www-bromic-fr.bromicpimstg.sites.hosting.454.agency\/wp-content\/uploads\/sites\/11\/2021\/09\/bromic-logo.png","width":1000,"height":342,"caption":"Bromic Heating France"},"image":{"@id":"https:\/\/www-bromic-fr.bromicpimstg.sites.hosting.454.agency\/fr\/#\/schema\/logo\/image\/"}}]}},"_links":{"self":[{"href":"https:\/\/www-bromic-fr.bromicpimstg.sites.hosting.454.agency\/fr\/wp-json\/wp\/v2\/product\/41961","targetHints":{"allow":["GET"]}}],"collection":[{"href":"https:\/\/www-bromic-fr.bromicpimstg.sites.hosting.454.agency\/fr\/wp-json\/wp\/v2\/product"}],"about":[{"href":"https:\/\/www-bromic-fr.bromicpimstg.sites.hosting.454.agency\/fr\/wp-json\/wp\/v2\/types\/product"}],"replies":[{"embeddable":true,"href":"https:\/\/www-bromic-fr.bromicpimstg.sites.hosting.454.agency\/fr\/wp-json\/wp\/v2\/comments?post=41961"}],"wp:featuredmedia":[{"embeddable":true,"href":"https:\/\/www-bromic-fr.bromicpimstg.sites.hosting.454.agency\/fr\/wp-json\/wp\/v2\/media\/43229"}],"wp:attachment":[{"href":"https:\/\/www-bromic-fr.bromicpimstg.sites.hosting.454.agency\/fr\/wp-json\/wp\/v2\/media?parent=41961"}],"wp:term":[{"taxonomy":"product_brand","embeddable":true,"href":"https:\/\/www-bromic-fr.bromicpimstg.sites.hosting.454.agency\/fr\/wp-json\/wp\/v2\/product_brand?post=41961"},{"taxonomy":"product_cat","embeddable":true,"href":"https:\/\/www-bromic-fr.bromicpimstg.sites.hosting.454.agency\/fr\/wp-json\/wp\/v2\/product_cat?post=41961"},{"taxonomy":"product_tag","embeddable":true,"href":"https:\/\/www-bromic-fr.bromicpimstg.sites.hosting.454.agency\/fr\/wp-json\/wp\/v2\/product_tag?post=41961"}],"curies":[{"name":"wp","href":"https:\/\/api.w.org\/{rel}","templated":true}]}}