{"id":41988,"date":"2021-10-04T14:22:09","date_gmt":"2021-10-04T21:22:09","guid":{"rendered":"https:\/\/www-bromic-fr.bromicpimstg.sites.hosting.454.agency\/product\/gaz-tungsten-smart-heat\/"},"modified":"2025-06-27T13:49:42","modified_gmt":"2025-06-27T20:49:42","slug":"gaz-tungsten-smart-heat","status":"publish","type":"product","link":"https:\/\/www-bromic-fr.bromicpimstg.sites.hosting.454.agency\/fr\/produit\/gaz-tungsten-smart-heat\/","title":{"rendered":"Tungsten Smart-Heat\u2122 Gas"},"content":{"rendered":"<p>Faites monter la temp\u00e9rature avec la s\u00e9rie Bromic Tungsten Smart-Heat\u2122 Gas. Ce puissant radiateur radiant permet de chauffer rapidement des espaces ext\u00e9rieurs jusqu&rsquo;\u00e0 20m, offrant une lueur rouge confortable et chaleureuse toute l\u2019ann\u00e9e. Avec son design noir mat \u00e9l\u00e9gant et sa r\u00e9sistance exceptionnelle au vent jusqu&rsquo;\u00e0 136 km\/h, ce radiateur vous gardera, vous et vos invit\u00e9s, au chaud \u00e0 tout moment de l\u2019ann\u00e9e. Choisissez entre une puissance de chauffage de 27 MJ ou de 45 MJ et les options de gaz naturel ou de propane (GPL).<\/p>\n<p>Pour les espaces \u00e0 faible d\u00e9gagement, nous recommandons un d\u00e9flecteur de chaleur pour prot\u00e9ger la surface de montage. Cet accessoire permet \u00e9galement une meilleure r\u00e9sistance aux intemp\u00e9ries et une sortie de chaleur plus directionnelle.<\/p>\n","protected":false},"excerpt":{"rendered":"<p>Durabilit\u00e9 et puissance en un seul produit. La s\u00e9rie prim\u00e9e de radiateurs Tungsten Smart-Heat\u2122 Gas combine une structure en acier inoxydable haute performance avec un chauffage puissant et directionnel. Disponible en noir mat, avec deux niveaux de puissance de sortie et plusieurs options de montage au plafond et au mur.<\/p>\n","protected":false},"featured_media":43157,"comment_status":"closed","ping_status":"closed","template":"","meta":{"_acf_changed":false},"product_brand":[],"product_cat":[15],"product_tag":[],"class_list":{"0":"post-41988","1":"product","2":"type-product","3":"status-publish","4":"has-post-thumbnail","6":"product-collection-tungsten-fr","7":"product-install-type-montage-mural-fr","8":"product-install-type-monte-au-plafond-fr","9":"product-fuel-type-gaz-naturel-fr","10":"product-fuel-type-gaz-propane-fr","11":"product-color-noir-fr","12":"product_cat-chauffage-fr","14":"first","15":"instock","16":"shipping-taxable","17":"product-type-variable"},"acf":[],"yoast_head":"<!-- This site is optimized with the Yoast SEO plugin v26.1.1 - https:\/\/yoast.com\/wordpress\/plugins\/seo\/ -->\n<title>Tungsten Smart-Heat\u2122 Gas - Bromic Heating France<\/title>\n<meta name=\"description\" content=\"Durabilit\u00e9 et puissance en un seul produit. La s\u00e9rie prim\u00e9e de radiateurs Tungsten Smart-Heat\u2122 Gas combine une structure en acier inoxydable haute performance avec un chauffage puissant et directionnel. Disponible en noir mat, avec deux niveaux de puissance de sortie et plusieurs options de montage au plafond et au mur.\" \/>\n<meta name=\"robots\" content=\"index, follow, max-snippet:-1, max-image-preview:large, max-video-preview:-1\" \/>\n<link rel=\"canonical\" href=\"https:\/\/www-bromic-fr.bromicpimstg.sites.hosting.454.agency\/fr\/produit\/gaz-tungsten-smart-heat\/\" \/>\n<meta property=\"og:locale\" content=\"fr_FR\" \/>\n<meta property=\"og:type\" content=\"article\" \/>\n<meta property=\"og:title\" content=\"Tungsten Smart-Heat\u2122 Gas - Bromic Heating France\" \/>\n<meta property=\"og:description\" content=\"Durabilit\u00e9 et puissance en un seul produit. La s\u00e9rie prim\u00e9e de radiateurs Tungsten Smart-Heat\u2122 Gas combine une structure en acier inoxydable haute performance avec un chauffage puissant et directionnel. Disponible en noir mat, avec deux niveaux de puissance de sortie et plusieurs options de montage au plafond et au mur.\" \/>\n<meta property=\"og:url\" content=\"https:\/\/www-bromic-fr.bromicpimstg.sites.hosting.454.agency\/fr\/produit\/gaz-tungsten-smart-heat\/\" \/>\n<meta property=\"og:site_name\" content=\"Bromic Heating France\" \/>\n<meta property=\"article:modified_time\" content=\"2025-06-27T20:49:42+00:00\" \/>\n<meta property=\"og:image\" content=\"https:\/\/www-bromic-fr.bromicpimstg.sites.hosting.454.agency\/wp-content\/uploads\/sites\/11\/2025\/06\/Tungsten-Gas-300.png\" \/>\n\t<meta property=\"og:image:width\" content=\"3375\" \/>\n\t<meta property=\"og:image:height\" content=\"3375\" \/>\n\t<meta property=\"og:image:type\" content=\"image\/png\" \/>\n<meta name=\"twitter:card\" content=\"summary_large_image\" \/>\n<meta name=\"twitter:label1\" content=\"Dur\u00e9e de lecture estim\u00e9e\" \/>\n\t<meta name=\"twitter:data1\" content=\"1 minute\" \/>\n<script type=\"application\/ld+json\" class=\"yoast-schema-graph\">{\"@context\":\"https:\/\/schema.org\",\"@graph\":[{\"@type\":\"WebPage\",\"@id\":\"https:\/\/www-bromic-fr.bromicpimstg.sites.hosting.454.agency\/fr\/produit\/gaz-tungsten-smart-heat\/\",\"url\":\"https:\/\/www-bromic-fr.bromicpimstg.sites.hosting.454.agency\/fr\/produit\/gaz-tungsten-smart-heat\/\",\"name\":\"Tungsten Smart-Heat\u2122 Gas - Bromic Heating France\",\"isPartOf\":{\"@id\":\"https:\/\/www-bromic-fr.bromicpimstg.sites.hosting.454.agency\/fr\/#website\"},\"primaryImageOfPage\":{\"@id\":\"https:\/\/www-bromic-fr.bromicpimstg.sites.hosting.454.agency\/fr\/produit\/gaz-tungsten-smart-heat\/#primaryimage\"},\"image\":{\"@id\":\"https:\/\/www-bromic-fr.bromicpimstg.sites.hosting.454.agency\/fr\/produit\/gaz-tungsten-smart-heat\/#primaryimage\"},\"thumbnailUrl\":\"https:\/\/www-bromic-fr.bromicpimstg.sites.hosting.454.agency\/wp-content\/uploads\/sites\/11\/2025\/06\/Tungsten-Gas-300.png\",\"datePublished\":\"2021-10-04T21:22:09+00:00\",\"dateModified\":\"2025-06-27T20:49:42+00:00\",\"description\":\"Durabilit\u00e9 et puissance en un seul produit. La s\u00e9rie prim\u00e9e de radiateurs Tungsten Smart-Heat\u2122 Gas combine une structure en acier inoxydable haute performance avec un chauffage puissant et directionnel. Disponible en noir mat, avec deux niveaux de puissance de sortie et plusieurs options de montage au plafond et au mur.\",\"breadcrumb\":{\"@id\":\"https:\/\/www-bromic-fr.bromicpimstg.sites.hosting.454.agency\/fr\/produit\/gaz-tungsten-smart-heat\/#breadcrumb\"},\"inLanguage\":\"fr-FR\",\"potentialAction\":[{\"@type\":\"ReadAction\",\"target\":[\"https:\/\/www-bromic-fr.bromicpimstg.sites.hosting.454.agency\/fr\/produit\/gaz-tungsten-smart-heat\/\"]}]},{\"@type\":\"ImageObject\",\"inLanguage\":\"fr-FR\",\"@id\":\"https:\/\/www-bromic-fr.bromicpimstg.sites.hosting.454.agency\/fr\/produit\/gaz-tungsten-smart-heat\/#primaryimage\",\"url\":\"https:\/\/www-bromic-fr.bromicpimstg.sites.hosting.454.agency\/wp-content\/uploads\/sites\/11\/2025\/06\/Tungsten-Gas-300.png\",\"contentUrl\":\"https:\/\/www-bromic-fr.bromicpimstg.sites.hosting.454.agency\/wp-content\/uploads\/sites\/11\/2025\/06\/Tungsten-Gas-300.png\",\"width\":3375,\"height\":3375},{\"@type\":\"BreadcrumbList\",\"@id\":\"https:\/\/www-bromic-fr.bromicpimstg.sites.hosting.454.agency\/fr\/produit\/gaz-tungsten-smart-heat\/#breadcrumb\",\"itemListElement\":[{\"@type\":\"ListItem\",\"position\":1,\"name\":\"Produits\",\"item\":\"https:\/\/www-bromic-fr.bromicpimstg.sites.hosting.454.agency\/fr\/boutique\/\"},{\"@type\":\"ListItem\",\"position\":2,\"name\":\"Tungsten Smart-Heat\u2122 Gas\"}]},{\"@type\":\"WebSite\",\"@id\":\"https:\/\/www-bromic-fr.bromicpimstg.sites.hosting.454.agency\/fr\/#website\",\"url\":\"https:\/\/www-bromic-fr.bromicpimstg.sites.hosting.454.agency\/fr\/\",\"name\":\"Bromic Heating France\",\"description\":\"\",\"publisher\":{\"@id\":\"https:\/\/www-bromic-fr.bromicpimstg.sites.hosting.454.agency\/fr\/#organization\"},\"potentialAction\":[{\"@type\":\"SearchAction\",\"target\":{\"@type\":\"EntryPoint\",\"urlTemplate\":\"https:\/\/www-bromic-fr.bromicpimstg.sites.hosting.454.agency\/fr\/?s={search_term_string}\"},\"query-input\":{\"@type\":\"PropertyValueSpecification\",\"valueRequired\":true,\"valueName\":\"search_term_string\"}}],\"inLanguage\":\"fr-FR\"},{\"@type\":\"Organization\",\"@id\":\"https:\/\/www-bromic-fr.bromicpimstg.sites.hosting.454.agency\/fr\/#organization\",\"name\":\"Bromic Heating France\",\"url\":\"https:\/\/www-bromic-fr.bromicpimstg.sites.hosting.454.agency\/fr\/\",\"logo\":{\"@type\":\"ImageObject\",\"inLanguage\":\"fr-FR\",\"@id\":\"https:\/\/www-bromic-fr.bromicpimstg.sites.hosting.454.agency\/fr\/#\/schema\/logo\/image\/\",\"url\":\"https:\/\/www-bromic-fr.bromicpimstg.sites.hosting.454.agency\/wp-content\/uploads\/sites\/11\/2021\/09\/bromic-logo.png\",\"contentUrl\":\"https:\/\/www-bromic-fr.bromicpimstg.sites.hosting.454.agency\/wp-content\/uploads\/sites\/11\/2021\/09\/bromic-logo.png\",\"width\":1000,\"height\":342,\"caption\":\"Bromic Heating France\"},\"image\":{\"@id\":\"https:\/\/www-bromic-fr.bromicpimstg.sites.hosting.454.agency\/fr\/#\/schema\/logo\/image\/\"}}]}<\/script>\n<!-- \/ Yoast SEO plugin. -->","yoast_head_json":{"title":"Tungsten Smart-Heat\u2122 Gas - Bromic Heating France","description":"Durabilit\u00e9 et puissance en un seul produit. La s\u00e9rie prim\u00e9e de radiateurs Tungsten Smart-Heat\u2122 Gas combine une structure en acier inoxydable haute performance avec un chauffage puissant et directionnel. Disponible en noir mat, avec deux niveaux de puissance de sortie et plusieurs options de montage au plafond et au mur.","robots":{"index":"index","follow":"follow","max-snippet":"max-snippet:-1","max-image-preview":"max-image-preview:large","max-video-preview":"max-video-preview:-1"},"canonical":"https:\/\/www-bromic-fr.bromicpimstg.sites.hosting.454.agency\/fr\/produit\/gaz-tungsten-smart-heat\/","og_locale":"fr_FR","og_type":"article","og_title":"Tungsten Smart-Heat\u2122 Gas - Bromic Heating France","og_description":"Durabilit\u00e9 et puissance en un seul produit. La s\u00e9rie prim\u00e9e de radiateurs Tungsten Smart-Heat\u2122 Gas combine une structure en acier inoxydable haute performance avec un chauffage puissant et directionnel. Disponible en noir mat, avec deux niveaux de puissance de sortie et plusieurs options de montage au plafond et au mur.","og_url":"https:\/\/www-bromic-fr.bromicpimstg.sites.hosting.454.agency\/fr\/produit\/gaz-tungsten-smart-heat\/","og_site_name":"Bromic Heating France","article_modified_time":"2025-06-27T20:49:42+00:00","og_image":[{"width":3375,"height":3375,"url":"https:\/\/www-bromic-fr.bromicpimstg.sites.hosting.454.agency\/wp-content\/uploads\/sites\/11\/2025\/06\/Tungsten-Gas-300.png","type":"image\/png"}],"twitter_card":"summary_large_image","twitter_misc":{"Dur\u00e9e de lecture estim\u00e9e":"1 minute"},"schema":{"@context":"https:\/\/schema.org","@graph":[{"@type":"WebPage","@id":"https:\/\/www-bromic-fr.bromicpimstg.sites.hosting.454.agency\/fr\/produit\/gaz-tungsten-smart-heat\/","url":"https:\/\/www-bromic-fr.bromicpimstg.sites.hosting.454.agency\/fr\/produit\/gaz-tungsten-smart-heat\/","name":"Tungsten Smart-Heat\u2122 Gas - Bromic Heating France","isPartOf":{"@id":"https:\/\/www-bromic-fr.bromicpimstg.sites.hosting.454.agency\/fr\/#website"},"primaryImageOfPage":{"@id":"https:\/\/www-bromic-fr.bromicpimstg.sites.hosting.454.agency\/fr\/produit\/gaz-tungsten-smart-heat\/#primaryimage"},"image":{"@id":"https:\/\/www-bromic-fr.bromicpimstg.sites.hosting.454.agency\/fr\/produit\/gaz-tungsten-smart-heat\/#primaryimage"},"thumbnailUrl":"https:\/\/www-bromic-fr.bromicpimstg.sites.hosting.454.agency\/wp-content\/uploads\/sites\/11\/2025\/06\/Tungsten-Gas-300.png","datePublished":"2021-10-04T21:22:09+00:00","dateModified":"2025-06-27T20:49:42+00:00","description":"Durabilit\u00e9 et puissance en un seul produit. La s\u00e9rie prim\u00e9e de radiateurs Tungsten Smart-Heat\u2122 Gas combine une structure en acier inoxydable haute performance avec un chauffage puissant et directionnel. Disponible en noir mat, avec deux niveaux de puissance de sortie et plusieurs options de montage au plafond et au mur.","breadcrumb":{"@id":"https:\/\/www-bromic-fr.bromicpimstg.sites.hosting.454.agency\/fr\/produit\/gaz-tungsten-smart-heat\/#breadcrumb"},"inLanguage":"fr-FR","potentialAction":[{"@type":"ReadAction","target":["https:\/\/www-bromic-fr.bromicpimstg.sites.hosting.454.agency\/fr\/produit\/gaz-tungsten-smart-heat\/"]}]},{"@type":"ImageObject","inLanguage":"fr-FR","@id":"https:\/\/www-bromic-fr.bromicpimstg.sites.hosting.454.agency\/fr\/produit\/gaz-tungsten-smart-heat\/#primaryimage","url":"https:\/\/www-bromic-fr.bromicpimstg.sites.hosting.454.agency\/wp-content\/uploads\/sites\/11\/2025\/06\/Tungsten-Gas-300.png","contentUrl":"https:\/\/www-bromic-fr.bromicpimstg.sites.hosting.454.agency\/wp-content\/uploads\/sites\/11\/2025\/06\/Tungsten-Gas-300.png","width":3375,"height":3375},{"@type":"BreadcrumbList","@id":"https:\/\/www-bromic-fr.bromicpimstg.sites.hosting.454.agency\/fr\/produit\/gaz-tungsten-smart-heat\/#breadcrumb","itemListElement":[{"@type":"ListItem","position":1,"name":"Produits","item":"https:\/\/www-bromic-fr.bromicpimstg.sites.hosting.454.agency\/fr\/boutique\/"},{"@type":"ListItem","position":2,"name":"Tungsten Smart-Heat\u2122 Gas"}]},{"@type":"WebSite","@id":"https:\/\/www-bromic-fr.bromicpimstg.sites.hosting.454.agency\/fr\/#website","url":"https:\/\/www-bromic-fr.bromicpimstg.sites.hosting.454.agency\/fr\/","name":"Bromic Heating France","description":"","publisher":{"@id":"https:\/\/www-bromic-fr.bromicpimstg.sites.hosting.454.agency\/fr\/#organization"},"potentialAction":[{"@type":"SearchAction","target":{"@type":"EntryPoint","urlTemplate":"https:\/\/www-bromic-fr.bromicpimstg.sites.hosting.454.agency\/fr\/?s={search_term_string}"},"query-input":{"@type":"PropertyValueSpecification","valueRequired":true,"valueName":"search_term_string"}}],"inLanguage":"fr-FR"},{"@type":"Organization","@id":"https:\/\/www-bromic-fr.bromicpimstg.sites.hosting.454.agency\/fr\/#organization","name":"Bromic Heating France","url":"https:\/\/www-bromic-fr.bromicpimstg.sites.hosting.454.agency\/fr\/","logo":{"@type":"ImageObject","inLanguage":"fr-FR","@id":"https:\/\/www-bromic-fr.bromicpimstg.sites.hosting.454.agency\/fr\/#\/schema\/logo\/image\/","url":"https:\/\/www-bromic-fr.bromicpimstg.sites.hosting.454.agency\/wp-content\/uploads\/sites\/11\/2021\/09\/bromic-logo.png","contentUrl":"https:\/\/www-bromic-fr.bromicpimstg.sites.hosting.454.agency\/wp-content\/uploads\/sites\/11\/2021\/09\/bromic-logo.png","width":1000,"height":342,"caption":"Bromic Heating France"},"image":{"@id":"https:\/\/www-bromic-fr.bromicpimstg.sites.hosting.454.agency\/fr\/#\/schema\/logo\/image\/"}}]}},"_links":{"self":[{"href":"https:\/\/www-bromic-fr.bromicpimstg.sites.hosting.454.agency\/fr\/wp-json\/wp\/v2\/product\/41988","targetHints":{"allow":["GET"]}}],"collection":[{"href":"https:\/\/www-bromic-fr.bromicpimstg.sites.hosting.454.agency\/fr\/wp-json\/wp\/v2\/product"}],"about":[{"href":"https:\/\/www-bromic-fr.bromicpimstg.sites.hosting.454.agency\/fr\/wp-json\/wp\/v2\/types\/product"}],"replies":[{"embeddable":true,"href":"https:\/\/www-bromic-fr.bromicpimstg.sites.hosting.454.agency\/fr\/wp-json\/wp\/v2\/comments?post=41988"}],"wp:featuredmedia":[{"embeddable":true,"href":"https:\/\/www-bromic-fr.bromicpimstg.sites.hosting.454.agency\/fr\/wp-json\/wp\/v2\/media\/43157"}],"wp:attachment":[{"href":"https:\/\/www-bromic-fr.bromicpimstg.sites.hosting.454.agency\/fr\/wp-json\/wp\/v2\/media?parent=41988"}],"wp:term":[{"taxonomy":"product_brand","embeddable":true,"href":"https:\/\/www-bromic-fr.bromicpimstg.sites.hosting.454.agency\/fr\/wp-json\/wp\/v2\/product_brand?post=41988"},{"taxonomy":"product_cat","embeddable":true,"href":"https:\/\/www-bromic-fr.bromicpimstg.sites.hosting.454.agency\/fr\/wp-json\/wp\/v2\/product_cat?post=41988"},{"taxonomy":"product_tag","embeddable":true,"href":"https:\/\/www-bromic-fr.bromicpimstg.sites.hosting.454.agency\/fr\/wp-json\/wp\/v2\/product_tag?post=41988"}],"curies":[{"name":"wp","href":"https:\/\/api.w.org\/{rel}","templated":true}]}}